{"id":11,"date":"2018-02-14T14:26:41","date_gmt":"2018-02-14T13:26:41","guid":{"rendered":"http:\/\/plavaniemalacky.sk\/?page_id=11"},"modified":"2025-01-03T21:02:48","modified_gmt":"2025-01-03T20:02:48","slug":"o-nas","status":"publish","type":"page","link":"https:\/\/plavaniemalacky.sk\/index.php\/o-nas\/","title":{"rendered":"O n\u00e1s"},"content":{"rendered":"<section id=\"bt_bb_section69ecc7c1a63cc\" class=\"bt_bb_section bt_bb_color_scheme_1 bt_bb_layout_boxed_1500 bt_bb_full_screen bt_bb_vertical_align_top bt_bb_top_spacing_small\" style=\"; --section-primary-color:#ffffff; --section-secondary-color:#191919;;background-color:#ffffff;\" data-bt-override-class=\"null\"><div class=\"bt_bb_port\"><div class=\"bt_bb_cell\"><div class=\"bt_bb_cell_inner\"><div class=\"bt_bb_row \"  data-bt-override-class=\"{}\"><div class=\"bt_bb_row_holder\" ><div  class=\"bt_bb_column col-xxl-6 col-xl-6 bt_bb_vertical_align_top bt_bb_align_left bt_bb_padding_normal bt_bb_animation_move_right animate\" style=\"background-color:rgba(255, 255, 255, 1);; --column-width:6;\" data-width=\"6\" data-bt-override-class=\"{}\"><div class=\"bt_bb_column_content\"><div class=\"bt_bb_column_content_inner\"><div class=\"bt_bb_separator bt_bb_border_style_none bt_bb_top_spacing_extra_small bt_bb_bottom_spacing_extra_small\" data-bt-override-class=\"null\"><\/div><header class=\"bt_bb_headline bt_bb_font_weight_lighter bt_bb_color_scheme_2 bt_bb_dash_none bt_bb_subheadline bt_bb_size_small bt_bb_align_left\" style=\"; --primary-color:#191919; --secondary-color:#ffffff;;color:#00254a;border-color:#00254a;\" data-bt-override-class=\"{&quot;bt_bb_size_&quot;:{&quot;current_class&quot;:&quot;bt_bb_size_small&quot;,&quot;def&quot;:&quot;small&quot;,&quot;xl&quot;:&quot;small&quot;},&quot;bt_bb_align_&quot;:{&quot;current_class&quot;:&quot;bt_bb_align_left&quot;,&quot;def&quot;:&quot;left&quot;,&quot;xl&quot;:&quot;left&quot;}}\"><div class=\"bt_bb_headline_subheadline\"><strong>Klub vodn\u00fdch \u0161portov OCE\u00c1N Malacky<\/strong> vznikol v roku 2018 na z\u00e1klade koncepcie a know-how KV\u0160 OCE\u00c1N Bratislava, ktor\u00fd t\u00fdmto symbolicky roz\u0161\u00edril svoju p\u00f4sobnos\u0165 a v\u00edziu. Na\u0161im cielom je zv\u00fd\u0161enie plaveckej gramotnosti v meste Malacky a \u0161irokom okol\u00ed a v bl\u00edzkej bud\u00facnosti si vychova\u0165 adeptov na \u0161portov\u00e9 pl\u00e1vanie. Po\u010das \u0161kolsk\u00e9ho roka KV\u0160 OCE\u00c1N Malacky zabezpe\u010duje plaveck\u00fd v\u00fdcvik pre \u0161irok\u00fa verejnos\u0165 \u2013 pre deti od 5 rokov, ml\u00e1de\u017e a dospel\u00fdch. Kvalita v\u00fdu\u010dby, priate\u013esk\u00fd a pozit\u00edvny pr\u00edstup tr\u00e9nerov a bezpe\u010dn\u00fd priebeh tr\u00e9ningov je pre n\u00e1s prvorad\u00fd.<\/p><br \/>\n<p>Pl\u00e1vanie je jedna z najob\u013e\u00fabenej\u0161\u00edch \u0161portov\u00fdch aktiv\u00edt a na\u0161e plaveck\u00e9 kurzy s\u00fa zameran\u00e9 na v\u00fdcvik a zdokona\u013eovanie det\u00ed, ml\u00e1de\u017ee a rovnako aj dospel\u00fdch v tomto zdraviu prospe\u0161nom \u0161portovom odvetv\u00ed. Uvedomujeme si, \u017ee najm\u00e4 u det\u00ed je d\u00f4le\u017eit\u00e9 uplat\u0148ova\u0165 inova\u010dn\u00e9 met\u00f3dy s cie\u013eom prebudi\u0165 v nich rados\u0165 k vode a motivova\u0165 ich k pl\u00e1vaniu. Okrem v\u00fdu\u010dby pohybu vo vodnom prostred\u00ed a n\u00e1cviku a zdokonaleniu spr\u00e1vnej plaveckej techniky chceme dosiahnu\u0165, aby sa \u00fa\u010dastn\u00edci na\u0161ich plaveck\u00fdch kurzov te\u0161ili na ka\u017ed\u00fa \u010fal\u0161iu plaveck\u00fa hodinu.<\/p><br \/>\n<p>KV\u0160 OCE\u00c1N Malacky team<\/div><\/header><div class=\"bt_bb_separator bt_bb_border_style_solid bt_bb_top_spacing_extra_small bt_bb_bottom_spacing_extra_small\" data-bt-override-class=\"null\"><\/div><div class=\"bt_bb_slider bt_bb_height_half_screen bt_bb_show_dots_bottom bt_bb_animation_slide animate bt_bb_show_arrows_show\"><div class=\"slick-slider\"  data-slick='{ \"lazyLoad\": \"progressive\", \"cssEase\": \"ease-out\", \"speed\": \"300\", \"adaptiveHeight\": true, \"dots\": true, \"prevArrow\": \"&lt;button type=\\\"button\\\" class=\\\"slick-prev\\\" aria-label=\\\"Previous\\\" tabindex=\\\"0\\\" role=\\\"button\\\"&gt;&lt;\/button&gt;\", \"nextArrow\": \"&lt;button type=\\\"button\\\" class=\\\"slick-next\\\" aria-label=\\\"Next\\\" tabindex=\\\"0\\\" role=\\\"button\\\"&gt;&lt;\/button&gt;\", \"autoplay\": true, \"autoplaySpeed\": 1500}' ><div class=\"bt_bb_slider_item\" style=\"background-image:url('https:\/\/plavaniemalacky.sk\/wp-content\/uploads\/2018\/02\/Logo-OCEAN-Cerveny-lem-pisma-final1.png')\" data-src-full=\"https:\/\/plavaniemalacky.sk\/wp-content\/uploads\/2018\/02\/Logo-OCEAN-Cerveny-lem-pisma-final1.png\"><\/div><div class=\"bt_bb_slider_item\" style=\"background-image:url('https:\/\/plavaniemalacky.sk\/wp-content\/uploads\/2018\/02\/Logo-OCEAN-Cerveny-lem-pisma-final1-background.png')\" data-src-full=\"https:\/\/plavaniemalacky.sk\/wp-content\/uploads\/2018\/02\/Logo-OCEAN-Cerveny-lem-pisma-final1-background.png\"><\/div><div class=\"bt_bb_slider_item\" style=\"background-image:url('https:\/\/plavaniemalacky.sk\/wp-content\/uploads\/2018\/02\/logo-ocean-BW-biele-pozadie.png')\" data-src-full=\"https:\/\/plavaniemalacky.sk\/wp-content\/uploads\/2018\/02\/logo-ocean-BW-biele-pozadie.png\"><\/div><\/div><\/div><div class=\"bt_bb_separator bt_bb_border_style_solid bt_bb_top_spacing_extra_small bt_bb_bottom_spacing_extra_small\" data-bt-override-class=\"null\"><\/div><\/div><\/div><\/div><div  class=\"bt_bb_column col-xxl-6 col-xl-6 bt_bb_vertical_align_top bt_bb_align_center bt_bb_padding_normal bt_bb_animation_move_left animate\" style=\"background-color:rgba(6, 123, 193, 1);; --column-width:6;\" data-width=\"6\" data-bt-override-class=\"{}\"><div class=\"bt_bb_column_content\" style=\"background-color:rgba(6, 123, 193, 1);\"><div class=\"bt_bb_column_content_inner\"><div class=\"bt_bb_separator bt_bb_border_style_none bt_bb_top_spacing_small\" data-bt-override-class=\"null\"><\/div><div class=\"bt_bb_image bt_bb_shape_soft-rounded bt_bb_target_self bt_bb_align_inherit bt_bb_hover_style_simple bt_bb_content_display_always bt_bb_content_align_middle\" data-bt-override-class=\"{}\"><span><img decoding=\"async\" width=\"150\" height=\"200\" src=\"https:\/\/plavaniemalacky.sk\/wp-content\/uploads\/2018\/03\/bartaky2.jpg\" class=\"attachment-boldthemes_small_square size-boldthemes_small_square\" alt=\"https:\/\/plavaniemalacky.sk\/wp-content\/uploads\/2018\/03\/bartaky2.jpg\" data-full_image_src=\"https:\/\/plavaniemalacky.sk\/wp-content\/uploads\/2018\/03\/bartaky2.jpg\" title=\"bartaky2\" loading=\"eager\" \/><\/span><\/div><header class=\"bt_bb_headline bt_bb_dash_none bt_bb_subheadline bt_bb_size_extrasmall bt_bb_align_center\" style=\";color:#ffffff;border-color:#ffffff;\" data-bt-override-class=\"{}\"><div class=\"bt_bb_headline_subheadline\">Mgr. Tom\u00e1\u0161 Bart\u00e1ky<br \/><br \/>\n\u0161tatut\u00e1r klubu a zakladate\u013e KV\u0160 OCE\u00c1N Malacky<br \/><br \/>\npredseda KV\u0160 OCE\u00c1N Bratislava<br \/><br \/>\nAbsolvent: Fakulta telesnej v\u00fdchovy a \u0161portu UK, odbor tr\u00e9nerstvo \u2013 \u0161portov\u00e9 pl\u00e1vanie<br \/><br \/>\nTr\u00e9ner pl\u00e1vania V. kvalifika\u010dn\u00e9ho stup\u0148a (I.trieda) \u2013 reprezenta\u010dn\u00fd tr\u00e9ner<br \/><br \/>\nMajster, vicemajster SR v pl\u00e1van\u00ed, vicemajster SR v triatlone<br \/><br \/>\nDr\u017eite\u013e rekordu SR v pl\u00e1van\u00ed kat. MASTERS<br \/><br \/>\nDr\u017eite\u013e medzin\u00e1rodnej z\u00e1chran\u00e1rskej licencie RED CROSS<br \/><br \/>\nDr\u017eite\u013e pot\u00e1pa\u010dskej licencie \u2013 RESCUE DIVER<\/div><\/header><div class=\"bt_bb_separator bt_bb_border_style_solid bt_bb_top_spacing_extra_small bt_bb_bottom_spacing_extra_small\" data-bt-override-class=\"null\"><\/div><div class=\"bt_bb_image bt_bb_shape_soft-rounded bt_bb_target_self bt_bb_align_inherit bt_bb_hover_style_simple bt_bb_content_display_always bt_bb_content_align_middle\" data-bt-override-class=\"{}\"><span><img fetchpriority=\"high\" decoding=\"async\" width=\"320\" height=\"320\" src=\"https:\/\/plavaniemalacky.sk\/wp-content\/uploads\/2018\/03\/36485320_474036126343381_7010557791639175168_n-320x320.jpg\" class=\"attachment-boldthemes_small_square size-boldthemes_small_square\" alt=\"https:\/\/plavaniemalacky.sk\/wp-content\/uploads\/2018\/03\/36485320_474036126343381_7010557791639175168_n-320x320.jpg\" data-full_image_src=\"https:\/\/plavaniemalacky.sk\/wp-content\/uploads\/2018\/03\/36485320_474036126343381_7010557791639175168_n.jpg\" title=\"36485320_474036126343381_7010557791639175168_n\" loading=\"eager\" srcset=\"https:\/\/plavaniemalacky.sk\/wp-content\/uploads\/2018\/03\/36485320_474036126343381_7010557791639175168_n-320x320.jpg 320w, https:\/\/plavaniemalacky.sk\/wp-content\/uploads\/2018\/03\/36485320_474036126343381_7010557791639175168_n-160x160.jpg 160w, https:\/\/plavaniemalacky.sk\/wp-content\/uploads\/2018\/03\/36485320_474036126343381_7010557791639175168_n-640x640.jpg 640w\" sizes=\"(max-width: 320px) 100vw, 320px\" \/><\/span><\/div><header class=\"bt_bb_headline bt_bb_dash_none bt_bb_subheadline bt_bb_size_extrasmall bt_bb_align_center\" style=\";color:#ffffff;border-color:#ffffff;\" data-bt-override-class=\"{}\"><div class=\"bt_bb_headline_subheadline\">Bc. Ondrej \u017dember<br \/><br \/>\n\u0161tatut\u00e1r klubu a zakladate\u013e KV\u0160 OCE\u00c1N Malacky<br \/><br \/>\npredseda KV\u0160 OCE\u00c1N Malacky<br \/><br \/>\nAbsolvent: Fakulta sportovn\u00edch studi\u00ed Masarykovej Univerzity, Brno<br \/><br \/>\nTr\u00e9ner pl\u00e1vania II. kvalifika\u010dn\u00e9ho stup\u0148a<br \/><br \/>\nAkt\u00edvny \u0161portovec, venuje sa triatlonu<br \/><br \/>\ntr\u00e9nuje: v prest\u00ed\u017enej \u0161kole British International School<br \/><br \/>\nv KV\u0160 OCE\u00c1N Bratislava<\/div><\/header><div class=\"bt_bb_separator bt_bb_border_style_solid bt_bb_top_spacing_extra_small bt_bb_bottom_spacing_extra_small\" data-bt-override-class=\"null\"><\/div><\/div><\/div><\/div><\/div><\/div><div class=\"bt_bb_row  bt_bb_column_gap_100\" style=\"; --column-gap:100px;\" data-bt-override-class=\"{}\"><div class=\"bt_bb_row_holder\" ><\/div><\/div><\/div><!-- cell_inner --><\/div><!-- cell --><\/div><!-- port --><\/section>\n","protected":false},"excerpt":{"rendered":"","protected":false},"author":1,"featured_media":0,"parent":0,"menu_order":0,"comment_status":"closed","ping_status":"closed","template":"","meta":{"_monsterinsights_skip_tracking":false,"_monsterinsights_sitenote_active":false,"_monsterinsights_sitenote_note":"","_monsterinsights_sitenote_category":0,"footnotes":""},"class_list":["post-11","page","type-page","status-publish","hentry"],"yoast_head":"<!-- This site is optimized with the Yoast SEO plugin v27.4 - https:\/\/yoast.com\/product\/yoast-seo-wordpress\/ -->\n<title>O n\u00e1s - KV\u0160 OCE\u00c1N MALACKY - pl\u00e1vanie pre deti, ml\u00e1de\u017e aj dospel\u00fdch<\/title>\n<meta name=\"robots\" content=\"index, follow, max-snippet:-1, max-image-preview:large, max-video-preview:-1\" \/>\n<link rel=\"canonical\" href=\"https:\/\/plavaniemalacky.sk\/index.php\/o-nas\/\" \/>\n<meta property=\"og:locale\" content=\"sk_SK\" \/>\n<meta property=\"og:type\" content=\"article\" \/>\n<meta property=\"og:title\" content=\"O n\u00e1s - KV\u0160 OCE\u00c1N MALACKY - pl\u00e1vanie pre deti, ml\u00e1de\u017e aj dospel\u00fdch\" \/>\n<meta property=\"og:url\" content=\"https:\/\/plavaniemalacky.sk\/index.php\/o-nas\/\" \/>\n<meta property=\"og:site_name\" content=\"KV\u0160 OCE\u00c1N MALACKY - pl\u00e1vanie pre deti, ml\u00e1de\u017e aj dospel\u00fdch\" \/>\n<meta property=\"article:publisher\" content=\"https:\/\/www.facebook.com\/kvsoceanmalacky\/\" \/>\n<meta property=\"article:modified_time\" content=\"2025-01-03T20:02:48+00:00\" \/>\n<meta name=\"twitter:card\" content=\"summary_large_image\" \/>\n<meta name=\"twitter:label1\" content=\"Predpokladan\u00fd \u010das \u010d\u00edtania\" \/>\n\t<meta name=\"twitter:data1\" content=\"5 min\u00fat\" \/>\n<script type=\"application\/ld+json\" class=\"yoast-schema-graph\">{\"@context\":\"https:\\\/\\\/schema.org\",\"@graph\":[{\"@type\":\"WebPage\",\"@id\":\"https:\\\/\\\/plavaniemalacky.sk\\\/index.php\\\/o-nas\\\/\",\"url\":\"https:\\\/\\\/plavaniemalacky.sk\\\/index.php\\\/o-nas\\\/\",\"name\":\"O n\u00e1s - KV\u0160 OCE\u00c1N MALACKY - pl\u00e1vanie pre deti, ml\u00e1de\u017e aj dospel\u00fdch\",\"isPartOf\":{\"@id\":\"https:\\\/\\\/plavaniemalacky.sk\\\/#website\"},\"datePublished\":\"2018-02-14T13:26:41+00:00\",\"dateModified\":\"2025-01-03T20:02:48+00:00\",\"breadcrumb\":{\"@id\":\"https:\\\/\\\/plavaniemalacky.sk\\\/index.php\\\/o-nas\\\/#breadcrumb\"},\"inLanguage\":\"sk-SK\",\"potentialAction\":[{\"@type\":\"ReadAction\",\"target\":[\"https:\\\/\\\/plavaniemalacky.sk\\\/index.php\\\/o-nas\\\/\"]}]},{\"@type\":\"BreadcrumbList\",\"@id\":\"https:\\\/\\\/plavaniemalacky.sk\\\/index.php\\\/o-nas\\\/#breadcrumb\",\"itemListElement\":[{\"@type\":\"ListItem\",\"position\":1,\"name\":\"Home\",\"item\":\"https:\\\/\\\/plavaniemalacky.sk\\\/\"},{\"@type\":\"ListItem\",\"position\":2,\"name\":\"O n\u00e1s\"}]},{\"@type\":\"WebSite\",\"@id\":\"https:\\\/\\\/plavaniemalacky.sk\\\/#website\",\"url\":\"https:\\\/\\\/plavaniemalacky.sk\\\/\",\"name\":\"KV\u0160 OCE\u00c1N MALACKY - pl\u00e1vanie pre deti, ml\u00e1de\u017e aj dospel\u00fdch\",\"description\":\"plaveck\u00e9 kurzy v Malack\u00e1ch\",\"publisher\":{\"@id\":\"https:\\\/\\\/plavaniemalacky.sk\\\/#organization\"},\"potentialAction\":[{\"@type\":\"SearchAction\",\"target\":{\"@type\":\"EntryPoint\",\"urlTemplate\":\"https:\\\/\\\/plavaniemalacky.sk\\\/?s={search_term_string}\"},\"query-input\":{\"@type\":\"PropertyValueSpecification\",\"valueRequired\":true,\"valueName\":\"search_term_string\"}}],\"inLanguage\":\"sk-SK\"},{\"@type\":\"Organization\",\"@id\":\"https:\\\/\\\/plavaniemalacky.sk\\\/#organization\",\"name\":\"KV\u0160 OCE\u00c1N MALACKY\",\"url\":\"https:\\\/\\\/plavaniemalacky.sk\\\/\",\"logo\":{\"@type\":\"ImageObject\",\"inLanguage\":\"sk-SK\",\"@id\":\"https:\\\/\\\/plavaniemalacky.sk\\\/#\\\/schema\\\/logo\\\/image\\\/\",\"url\":\"https:\\\/\\\/plavaniemalacky.sk\\\/wp-content\\\/uploads\\\/2018\\\/02\\\/Logo-OCEAN-Cerveny-lem-pisma-final1.png\",\"contentUrl\":\"https:\\\/\\\/plavaniemalacky.sk\\\/wp-content\\\/uploads\\\/2018\\\/02\\\/Logo-OCEAN-Cerveny-lem-pisma-final1.png\",\"width\":1833,\"height\":1833,\"caption\":\"KV\u0160 OCE\u00c1N MALACKY\"},\"image\":{\"@id\":\"https:\\\/\\\/plavaniemalacky.sk\\\/#\\\/schema\\\/logo\\\/image\\\/\"},\"sameAs\":[\"https:\\\/\\\/www.facebook.com\\\/kvsoceanmalacky\\\/\"]}]}<\/script>\n<!-- \/ Yoast SEO plugin. -->","yoast_head_json":{"title":"O n\u00e1s - KV\u0160 OCE\u00c1N MALACKY - pl\u00e1vanie pre deti, ml\u00e1de\u017e aj dospel\u00fdch","robots":{"index":"index","follow":"follow","max-snippet":"max-snippet:-1","max-image-preview":"max-image-preview:large","max-video-preview":"max-video-preview:-1"},"canonical":"https:\/\/plavaniemalacky.sk\/index.php\/o-nas\/","og_locale":"sk_SK","og_type":"article","og_title":"O n\u00e1s - KV\u0160 OCE\u00c1N MALACKY - pl\u00e1vanie pre deti, ml\u00e1de\u017e aj dospel\u00fdch","og_url":"https:\/\/plavaniemalacky.sk\/index.php\/o-nas\/","og_site_name":"KV\u0160 OCE\u00c1N MALACKY - pl\u00e1vanie pre deti, ml\u00e1de\u017e aj dospel\u00fdch","article_publisher":"https:\/\/www.facebook.com\/kvsoceanmalacky\/","article_modified_time":"2025-01-03T20:02:48+00:00","twitter_card":"summary_large_image","twitter_misc":{"Predpokladan\u00fd \u010das \u010d\u00edtania":"5 min\u00fat"},"schema":{"@context":"https:\/\/schema.org","@graph":[{"@type":"WebPage","@id":"https:\/\/plavaniemalacky.sk\/index.php\/o-nas\/","url":"https:\/\/plavaniemalacky.sk\/index.php\/o-nas\/","name":"O n\u00e1s - KV\u0160 OCE\u00c1N MALACKY - pl\u00e1vanie pre deti, ml\u00e1de\u017e aj dospel\u00fdch","isPartOf":{"@id":"https:\/\/plavaniemalacky.sk\/#website"},"datePublished":"2018-02-14T13:26:41+00:00","dateModified":"2025-01-03T20:02:48+00:00","breadcrumb":{"@id":"https:\/\/plavaniemalacky.sk\/index.php\/o-nas\/#breadcrumb"},"inLanguage":"sk-SK","potentialAction":[{"@type":"ReadAction","target":["https:\/\/plavaniemalacky.sk\/index.php\/o-nas\/"]}]},{"@type":"BreadcrumbList","@id":"https:\/\/plavaniemalacky.sk\/index.php\/o-nas\/#breadcrumb","itemListElement":[{"@type":"ListItem","position":1,"name":"Home","item":"https:\/\/plavaniemalacky.sk\/"},{"@type":"ListItem","position":2,"name":"O n\u00e1s"}]},{"@type":"WebSite","@id":"https:\/\/plavaniemalacky.sk\/#website","url":"https:\/\/plavaniemalacky.sk\/","name":"KV\u0160 OCE\u00c1N MALACKY - pl\u00e1vanie pre deti, ml\u00e1de\u017e aj dospel\u00fdch","description":"plaveck\u00e9 kurzy v Malack\u00e1ch","publisher":{"@id":"https:\/\/plavaniemalacky.sk\/#organization"},"potentialAction":[{"@type":"SearchAction","target":{"@type":"EntryPoint","urlTemplate":"https:\/\/plavaniemalacky.sk\/?s={search_term_string}"},"query-input":{"@type":"PropertyValueSpecification","valueRequired":true,"valueName":"search_term_string"}}],"inLanguage":"sk-SK"},{"@type":"Organization","@id":"https:\/\/plavaniemalacky.sk\/#organization","name":"KV\u0160 OCE\u00c1N MALACKY","url":"https:\/\/plavaniemalacky.sk\/","logo":{"@type":"ImageObject","inLanguage":"sk-SK","@id":"https:\/\/plavaniemalacky.sk\/#\/schema\/logo\/image\/","url":"https:\/\/plavaniemalacky.sk\/wp-content\/uploads\/2018\/02\/Logo-OCEAN-Cerveny-lem-pisma-final1.png","contentUrl":"https:\/\/plavaniemalacky.sk\/wp-content\/uploads\/2018\/02\/Logo-OCEAN-Cerveny-lem-pisma-final1.png","width":1833,"height":1833,"caption":"KV\u0160 OCE\u00c1N MALACKY"},"image":{"@id":"https:\/\/plavaniemalacky.sk\/#\/schema\/logo\/image\/"},"sameAs":["https:\/\/www.facebook.com\/kvsoceanmalacky\/"]}]}},"_links":{"self":[{"href":"https:\/\/plavaniemalacky.sk\/index.php\/wp-json\/wp\/v2\/pages\/11","targetHints":{"allow":["GET"]}}],"collection":[{"href":"https:\/\/plavaniemalacky.sk\/index.php\/wp-json\/wp\/v2\/pages"}],"about":[{"href":"https:\/\/plavaniemalacky.sk\/index.php\/wp-json\/wp\/v2\/types\/page"}],"author":[{"embeddable":true,"href":"https:\/\/plavaniemalacky.sk\/index.php\/wp-json\/wp\/v2\/users\/1"}],"replies":[{"embeddable":true,"href":"https:\/\/plavaniemalacky.sk\/index.php\/wp-json\/wp\/v2\/comments?post=11"}],"version-history":[{"count":7,"href":"https:\/\/plavaniemalacky.sk\/index.php\/wp-json\/wp\/v2\/pages\/11\/revisions"}],"predecessor-version":[{"id":2637,"href":"https:\/\/plavaniemalacky.sk\/index.php\/wp-json\/wp\/v2\/pages\/11\/revisions\/2637"}],"wp:attachment":[{"href":"https:\/\/plavaniemalacky.sk\/index.php\/wp-json\/wp\/v2\/media?parent=11"}],"curies":[{"name":"wp","href":"https:\/\/api.w.org\/{rel}","templated":true}]}}