{"id":1719,"date":"2017-10-19T10:26:22","date_gmt":"2017-10-19T10:26:22","guid":{"rendered":"http:\/\/oxygen-club.omnicom-dev.com\/main-demo\/?page_id=28"},"modified":"2017-10-19T10:26:22","modified_gmt":"2017-10-19T10:26:22","slug":"contact-2","status":"publish","type":"page","link":"https:\/\/plavaniemalacky.sk\/index.php\/contact-2\/","title":{"rendered":"Contact"},"content":{"rendered":"<p><section id=\"bt_bb_section6a095c50e0bf4\" class=\"bt_bb_section bt_bb_layout_boxed_1200 bt_bb_vertical_align_top bt_bb_top_spacing_large bt_bb_bottom_spacing_large\"  data-bt-override-class=\"null\"><div class=\"bt_bb_port\"><div class=\"bt_bb_cell\"><div class=\"bt_bb_cell_inner\"><div class=\"bt_bb_row \"  data-bt-override-class=\"{}\"><div class=\"bt_bb_row_holder\" ><div  class=\"bt_bb_column col-xxl-6 col-xl-6 bt_bb_vertical_align_top bt_bb_align_left bt_bb_padding_normal bt_bb_animation_fade_in animate\" style=\"; --column-width:6;\" data-width=\"6\" data-bt-override-class=\"{}\"><div class=\"bt_bb_column_content\"><div class=\"bt_bb_column_content_inner\"><div  class=\"bt_bb_text\" ><p class=\"wpcf7-contact-form-not-found\"><strong>Chyba:<\/strong> Kontaktn\u00fd formul\u00e1r nebol n\u00e1jden\u00fd.<\/p><\/div><\/div><\/div><\/div><div  class=\"bt_bb_column col-xxl-6 col-xl-6 bt_bb_vertical_align_top bt_bb_align_left bt_bb_padding_normal\" style=\"; --column-width:6;\" data-width=\"6\" data-bt-override-class=\"{}\"><div class=\"bt_bb_column_content\"><div class=\"bt_bb_column_content_inner\"><\/div><\/div><\/div><\/div><\/div><\/div><!-- cell_inner --><\/div><!-- cell --><\/div><!-- port --><\/section><section id=\"bt_bb_section6a095c50e1683\" class=\"bt_bb_section bt_bb_color_scheme_2 bt_bb_layout_boxed_1200 bt_bb_vertical_align_top bt_bb_top_spacing_large bt_bb_bottom_spacing_medium\" style=\"; --section-primary-color:#191919; --section-secondary-color:#ffffff;\" data-bt-override-class=\"null\"><div class=\"bt_bb_port\"><div class=\"bt_bb_cell\"><div class=\"bt_bb_cell_inner\"><div class=\"bt_bb_row \"  data-bt-override-class=\"{}\"><div class=\"bt_bb_row_holder\" ><div  class=\"bt_bb_column col-xxl-3 col-xl-3 bt_bb_vertical_align_top bt_bb_align_center bt_bb_padding_normal bt_bb_animation_fade_in animate\" style=\"; --column-width:3;\" data-width=\"3\" data-bt-override-class=\"{}\"><div class=\"bt_bb_column_content\"><div class=\"bt_bb_column_content_inner\"><div class=\"bt_bb_service bt_bb_color_scheme_6 bt_bb_style_filled bt_bb_size_large bt_bb_shape_circle bt_bb_target_self bt_bb_align_inherit\" style=\"; --primary-color:#ffffff; --secondary-color:#2b347e;\" data-bt-override-class=\"{}\"><a href=\"#\"  target=\"_self\"  title=\"MAIN POOL\"  data-ico-icon7stroke=\"&#xe637;\" class=\"bt_bb_icon_holder\"><\/a><div class=\"bt_bb_service_content\"><div class=\"bt_bb_service_content_title\"><a href=\"#\" target=\"_self\" title=\"MAIN POOL\">MAIN POOL<\/a><\/div><div class=\"bt_bb_service_content_text\">1096 Madison Ave,<br \/><br \/>\nNY 10028<\/div><\/div><\/div><div class=\"bt_bb_separator bt_bb_border_style_none bt_bb_bottom_spacing_medium\" data-bt-override-class=\"null\"><\/div><\/div><\/div><\/div><div  class=\"bt_bb_column col-xxl-3 col-xl-3 bt_bb_vertical_align_top bt_bb_align_center bt_bb_padding_normal bt_bb_animation_fade_in animate\" style=\"; --column-width:3;\" data-width=\"3\" data-bt-override-class=\"{}\"><div class=\"bt_bb_column_content\"><div class=\"bt_bb_column_content_inner\"><div class=\"bt_bb_service bt_bb_color_scheme_6 bt_bb_style_filled bt_bb_size_large bt_bb_shape_circle bt_bb_target_self bt_bb_align_inherit\" style=\"; --primary-color:#ffffff; --secondary-color:#2b347e;\" data-bt-override-class=\"{}\"><a href=\"#\"  target=\"_self\"  title=\"OXYGEN ARENA\"  data-ico-essential=\"&#xe9b9;\" class=\"bt_bb_icon_holder\"><\/a><div class=\"bt_bb_service_content\"><div class=\"bt_bb_service_content_title\"><a href=\"#\" target=\"_self\" title=\"OXYGEN ARENA\">OXYGEN ARENA<\/a><\/div><div class=\"bt_bb_service_content_text\">1 E 161st St, Bronx,<br \/><br \/>\nNY 10451<\/div><\/div><\/div><div class=\"bt_bb_separator bt_bb_border_style_none bt_bb_bottom_spacing_medium\" data-bt-override-class=\"null\"><\/div><\/div><\/div><\/div><div  class=\"bt_bb_column col-xxl-3 col-xl-3 bt_bb_vertical_align_top bt_bb_align_center bt_bb_padding_normal bt_bb_animation_fade_in animate\" style=\"; --column-width:3;\" data-width=\"3\" data-bt-override-class=\"{}\"><div class=\"bt_bb_column_content\"><div class=\"bt_bb_column_content_inner\"><div class=\"bt_bb_service bt_bb_color_scheme_6 bt_bb_style_filled bt_bb_size_large bt_bb_shape_circle bt_bb_target_self bt_bb_align_inherit\" style=\"; --primary-color:#ffffff; --secondary-color:#2b347e;\" data-bt-override-class=\"{}\"><a href=\"#\"  target=\"_self\"  title=\"WRITE US\"  data-ico-icon7stroke=\"&#xe63a;\" class=\"bt_bb_icon_holder\"><\/a><div class=\"bt_bb_service_content\"><div class=\"bt_bb_service_content_title\"><a href=\"#\" target=\"_self\" title=\"WRITE US\">WRITE US<\/a><\/div><div class=\"bt_bb_service_content_text\">club@bold-themes.com<br \/><br \/>\ninfo@bold-themes.com<\/div><\/div><\/div><div class=\"bt_bb_separator bt_bb_border_style_none bt_bb_bottom_spacing_medium\" data-bt-override-class=\"null\"><\/div><\/div><\/div><\/div><div  class=\"bt_bb_column col-xxl-3 col-xl-3 bt_bb_vertical_align_top bt_bb_align_center bt_bb_padding_normal bt_bb_animation_fade_in animate\" style=\"; --column-width:3;\" data-width=\"3\" data-bt-override-class=\"{}\"><div class=\"bt_bb_column_content\"><div class=\"bt_bb_column_content_inner\"><div class=\"bt_bb_service bt_bb_color_scheme_6 bt_bb_style_filled bt_bb_size_large bt_bb_shape_circle bt_bb_target_self bt_bb_align_inherit\" style=\"; --primary-color:#ffffff; --secondary-color:#2b347e;\" data-bt-override-class=\"{}\"><a href=\"#\"  target=\"_self\"  title=\"CALL US\"  data-ico-icon7stroke=\"&#xe627;\" class=\"bt_bb_icon_holder\"><\/a><div class=\"bt_bb_service_content\"><div class=\"bt_bb_service_content_title\"><a href=\"#\" target=\"_self\" title=\"CALL US\">CALL US<\/a><\/div><div class=\"bt_bb_service_content_text\">+ 1 555 2367 890<br \/><br \/>\n+ 1 555 4575 547<\/div><\/div><\/div><div class=\"bt_bb_separator bt_bb_border_style_none bt_bb_bottom_spacing_medium\" data-bt-override-class=\"null\"><\/div><\/div><\/div><\/div><\/div><\/div><\/div><!-- cell_inner --><\/div><!-- cell --><\/div><!-- port --><\/section><\/p>\n","protected":false},"excerpt":{"rendered":"<p>Do you want to be part of the Oxygen Club sport experience? Feel free to contact us for more info.<\/p>\n","protected":false},"author":1,"featured_media":1183,"parent":0,"menu_order":0,"comment_status":"closed","ping_status":"closed","template":"","meta":{"_monsterinsights_skip_tracking":false,"_monsterinsights_sitenote_active":false,"_monsterinsights_sitenote_note":"","_monsterinsights_sitenote_category":0,"footnotes":""},"class_list":["post-1719","page","type-page","status-publish","has-post-thumbnail","hentry"],"yoast_head":"<!-- This site is optimized with the Yoast SEO plugin v27.5 - https:\/\/yoast.com\/product\/yoast-seo-wordpress\/ -->\n<title>Contact - KV\u0160 OCE\u00c1N MALACKY - pl\u00e1vanie pre deti, ml\u00e1de\u017e aj dospel\u00fdch<\/title>\n<meta name=\"robots\" content=\"index, follow, max-snippet:-1, max-image-preview:large, max-video-preview:-1\" \/>\n<link rel=\"canonical\" href=\"https:\/\/plavaniemalacky.sk\/index.php\/contact-2\/\" \/>\n<meta property=\"og:locale\" content=\"sk_SK\" \/>\n<meta property=\"og:type\" content=\"article\" \/>\n<meta property=\"og:title\" content=\"Contact - KV\u0160 OCE\u00c1N MALACKY - pl\u00e1vanie pre deti, ml\u00e1de\u017e aj dospel\u00fdch\" \/>\n<meta property=\"og:description\" content=\"Do you want to be part of the Oxygen Club sport experience? Feel free to contact us for more info.\" \/>\n<meta property=\"og:url\" content=\"https:\/\/plavaniemalacky.sk\/index.php\/contact-2\/\" \/>\n<meta property=\"og:site_name\" content=\"KV\u0160 OCE\u00c1N MALACKY - pl\u00e1vanie pre deti, ml\u00e1de\u017e aj dospel\u00fdch\" \/>\n<meta property=\"article:publisher\" content=\"https:\/\/www.facebook.com\/kvsoceanmalacky\/\" \/>\n<meta name=\"twitter:card\" content=\"summary_large_image\" \/>\n<meta name=\"twitter:label1\" content=\"Predpokladan\u00fd \u010das \u010d\u00edtania\" \/>\n\t<meta name=\"twitter:data1\" content=\"3 min\u00faty\" \/>\n<script type=\"application\/ld+json\" class=\"yoast-schema-graph\">{\"@context\":\"https:\\\/\\\/schema.org\",\"@graph\":[{\"@type\":\"WebPage\",\"@id\":\"https:\\\/\\\/plavaniemalacky.sk\\\/index.php\\\/contact-2\\\/\",\"url\":\"https:\\\/\\\/plavaniemalacky.sk\\\/index.php\\\/contact-2\\\/\",\"name\":\"Contact - KV\u0160 OCE\u00c1N MALACKY - pl\u00e1vanie pre deti, ml\u00e1de\u017e aj dospel\u00fdch\",\"isPartOf\":{\"@id\":\"https:\\\/\\\/plavaniemalacky.sk\\\/#website\"},\"primaryImageOfPage\":{\"@id\":\"https:\\\/\\\/plavaniemalacky.sk\\\/index.php\\\/contact-2\\\/#primaryimage\"},\"image\":{\"@id\":\"https:\\\/\\\/plavaniemalacky.sk\\\/index.php\\\/contact-2\\\/#primaryimage\"},\"thumbnailUrl\":\"\",\"datePublished\":\"2017-10-19T10:26:22+00:00\",\"breadcrumb\":{\"@id\":\"https:\\\/\\\/plavaniemalacky.sk\\\/index.php\\\/contact-2\\\/#breadcrumb\"},\"inLanguage\":\"sk-SK\",\"potentialAction\":[{\"@type\":\"ReadAction\",\"target\":[\"https:\\\/\\\/plavaniemalacky.sk\\\/index.php\\\/contact-2\\\/\"]}]},{\"@type\":\"ImageObject\",\"inLanguage\":\"sk-SK\",\"@id\":\"https:\\\/\\\/plavaniemalacky.sk\\\/index.php\\\/contact-2\\\/#primaryimage\",\"url\":\"\",\"contentUrl\":\"\"},{\"@type\":\"BreadcrumbList\",\"@id\":\"https:\\\/\\\/plavaniemalacky.sk\\\/index.php\\\/contact-2\\\/#breadcrumb\",\"itemListElement\":[{\"@type\":\"ListItem\",\"position\":1,\"name\":\"Home\",\"item\":\"https:\\\/\\\/plavaniemalacky.sk\\\/\"},{\"@type\":\"ListItem\",\"position\":2,\"name\":\"Contact\"}]},{\"@type\":\"WebSite\",\"@id\":\"https:\\\/\\\/plavaniemalacky.sk\\\/#website\",\"url\":\"https:\\\/\\\/plavaniemalacky.sk\\\/\",\"name\":\"KV\u0160 OCE\u00c1N MALACKY - pl\u00e1vanie pre deti, ml\u00e1de\u017e aj dospel\u00fdch\",\"description\":\"plaveck\u00e9 kurzy v Malack\u00e1ch\",\"publisher\":{\"@id\":\"https:\\\/\\\/plavaniemalacky.sk\\\/#organization\"},\"potentialAction\":[{\"@type\":\"SearchAction\",\"target\":{\"@type\":\"EntryPoint\",\"urlTemplate\":\"https:\\\/\\\/plavaniemalacky.sk\\\/?s={search_term_string}\"},\"query-input\":{\"@type\":\"PropertyValueSpecification\",\"valueRequired\":true,\"valueName\":\"search_term_string\"}}],\"inLanguage\":\"sk-SK\"},{\"@type\":\"Organization\",\"@id\":\"https:\\\/\\\/plavaniemalacky.sk\\\/#organization\",\"name\":\"KV\u0160 OCE\u00c1N MALACKY\",\"url\":\"https:\\\/\\\/plavaniemalacky.sk\\\/\",\"logo\":{\"@type\":\"ImageObject\",\"inLanguage\":\"sk-SK\",\"@id\":\"https:\\\/\\\/plavaniemalacky.sk\\\/#\\\/schema\\\/logo\\\/image\\\/\",\"url\":\"https:\\\/\\\/plavaniemalacky.sk\\\/wp-content\\\/uploads\\\/2018\\\/02\\\/Logo-OCEAN-Cerveny-lem-pisma-final1.png\",\"contentUrl\":\"https:\\\/\\\/plavaniemalacky.sk\\\/wp-content\\\/uploads\\\/2018\\\/02\\\/Logo-OCEAN-Cerveny-lem-pisma-final1.png\",\"width\":1833,\"height\":1833,\"caption\":\"KV\u0160 OCE\u00c1N MALACKY\"},\"image\":{\"@id\":\"https:\\\/\\\/plavaniemalacky.sk\\\/#\\\/schema\\\/logo\\\/image\\\/\"},\"sameAs\":[\"https:\\\/\\\/www.facebook.com\\\/kvsoceanmalacky\\\/\"]}]}<\/script>\n<!-- \/ Yoast SEO plugin. -->","yoast_head_json":{"title":"Contact - KV\u0160 OCE\u00c1N MALACKY - pl\u00e1vanie pre deti, ml\u00e1de\u017e aj dospel\u00fdch","robots":{"index":"index","follow":"follow","max-snippet":"max-snippet:-1","max-image-preview":"max-image-preview:large","max-video-preview":"max-video-preview:-1"},"canonical":"https:\/\/plavaniemalacky.sk\/index.php\/contact-2\/","og_locale":"sk_SK","og_type":"article","og_title":"Contact - KV\u0160 OCE\u00c1N MALACKY - pl\u00e1vanie pre deti, ml\u00e1de\u017e aj dospel\u00fdch","og_description":"Do you want to be part of the Oxygen Club sport experience? Feel free to contact us for more info.","og_url":"https:\/\/plavaniemalacky.sk\/index.php\/contact-2\/","og_site_name":"KV\u0160 OCE\u00c1N MALACKY - pl\u00e1vanie pre deti, ml\u00e1de\u017e aj dospel\u00fdch","article_publisher":"https:\/\/www.facebook.com\/kvsoceanmalacky\/","twitter_card":"summary_large_image","twitter_misc":{"Predpokladan\u00fd \u010das \u010d\u00edtania":"3 min\u00faty"},"schema":{"@context":"https:\/\/schema.org","@graph":[{"@type":"WebPage","@id":"https:\/\/plavaniemalacky.sk\/index.php\/contact-2\/","url":"https:\/\/plavaniemalacky.sk\/index.php\/contact-2\/","name":"Contact - KV\u0160 OCE\u00c1N MALACKY - pl\u00e1vanie pre deti, ml\u00e1de\u017e aj dospel\u00fdch","isPartOf":{"@id":"https:\/\/plavaniemalacky.sk\/#website"},"primaryImageOfPage":{"@id":"https:\/\/plavaniemalacky.sk\/index.php\/contact-2\/#primaryimage"},"image":{"@id":"https:\/\/plavaniemalacky.sk\/index.php\/contact-2\/#primaryimage"},"thumbnailUrl":"","datePublished":"2017-10-19T10:26:22+00:00","breadcrumb":{"@id":"https:\/\/plavaniemalacky.sk\/index.php\/contact-2\/#breadcrumb"},"inLanguage":"sk-SK","potentialAction":[{"@type":"ReadAction","target":["https:\/\/plavaniemalacky.sk\/index.php\/contact-2\/"]}]},{"@type":"ImageObject","inLanguage":"sk-SK","@id":"https:\/\/plavaniemalacky.sk\/index.php\/contact-2\/#primaryimage","url":"","contentUrl":""},{"@type":"BreadcrumbList","@id":"https:\/\/plavaniemalacky.sk\/index.php\/contact-2\/#breadcrumb","itemListElement":[{"@type":"ListItem","position":1,"name":"Home","item":"https:\/\/plavaniemalacky.sk\/"},{"@type":"ListItem","position":2,"name":"Contact"}]},{"@type":"WebSite","@id":"https:\/\/plavaniemalacky.sk\/#website","url":"https:\/\/plavaniemalacky.sk\/","name":"KV\u0160 OCE\u00c1N MALACKY - pl\u00e1vanie pre deti, ml\u00e1de\u017e aj dospel\u00fdch","description":"plaveck\u00e9 kurzy v Malack\u00e1ch","publisher":{"@id":"https:\/\/plavaniemalacky.sk\/#organization"},"potentialAction":[{"@type":"SearchAction","target":{"@type":"EntryPoint","urlTemplate":"https:\/\/plavaniemalacky.sk\/?s={search_term_string}"},"query-input":{"@type":"PropertyValueSpecification","valueRequired":true,"valueName":"search_term_string"}}],"inLanguage":"sk-SK"},{"@type":"Organization","@id":"https:\/\/plavaniemalacky.sk\/#organization","name":"KV\u0160 OCE\u00c1N MALACKY","url":"https:\/\/plavaniemalacky.sk\/","logo":{"@type":"ImageObject","inLanguage":"sk-SK","@id":"https:\/\/plavaniemalacky.sk\/#\/schema\/logo\/image\/","url":"https:\/\/plavaniemalacky.sk\/wp-content\/uploads\/2018\/02\/Logo-OCEAN-Cerveny-lem-pisma-final1.png","contentUrl":"https:\/\/plavaniemalacky.sk\/wp-content\/uploads\/2018\/02\/Logo-OCEAN-Cerveny-lem-pisma-final1.png","width":1833,"height":1833,"caption":"KV\u0160 OCE\u00c1N MALACKY"},"image":{"@id":"https:\/\/plavaniemalacky.sk\/#\/schema\/logo\/image\/"},"sameAs":["https:\/\/www.facebook.com\/kvsoceanmalacky\/"]}]}},"_links":{"self":[{"href":"https:\/\/plavaniemalacky.sk\/index.php\/wp-json\/wp\/v2\/pages\/1719","targetHints":{"allow":["GET"]}}],"collection":[{"href":"https:\/\/plavaniemalacky.sk\/index.php\/wp-json\/wp\/v2\/pages"}],"about":[{"href":"https:\/\/plavaniemalacky.sk\/index.php\/wp-json\/wp\/v2\/types\/page"}],"author":[{"embeddable":true,"href":"https:\/\/plavaniemalacky.sk\/index.php\/wp-json\/wp\/v2\/users\/1"}],"replies":[{"embeddable":true,"href":"https:\/\/plavaniemalacky.sk\/index.php\/wp-json\/wp\/v2\/comments?post=1719"}],"version-history":[{"count":0,"href":"https:\/\/plavaniemalacky.sk\/index.php\/wp-json\/wp\/v2\/pages\/1719\/revisions"}],"wp:featuredmedia":[{"embeddable":true,"href":"https:\/\/plavaniemalacky.sk\/index.php\/wp-json\/"}],"wp:attachment":[{"href":"https:\/\/plavaniemalacky.sk\/index.php\/wp-json\/wp\/v2\/media?parent=1719"}],"curies":[{"name":"wp","href":"https:\/\/api.w.org\/{rel}","templated":true}]}}