{"id":1950,"date":"2018-03-10T19:08:25","date_gmt":"2018-03-10T18:08:25","guid":{"rendered":"http:\/\/plavaniemalacky.sk\/?page_id=1950"},"modified":"2025-01-03T20:48:23","modified_gmt":"2025-01-03T19:48:23","slug":"pravidla","status":"publish","type":"page","link":"https:\/\/plavaniemalacky.sk\/index.php\/pravidla\/","title":{"rendered":"PRAVIDL\u00c1"},"content":{"rendered":"<section id=\"bt_bb_section69ecc88ac82f4\" class=\"bt_bb_section bt_bb_layout_boxed_1200\"  data-bt-override-class=\"null\"><div class=\"bt_bb_port\"><div class=\"bt_bb_cell\"><div class=\"bt_bb_cell_inner\"><div class=\"bt_bb_row \"  data-bt-override-class=\"{}\"><div class=\"bt_bb_row_holder\" ><div  class=\"bt_bb_column col-xxl-12 col-xl-12 bt_bb_vertical_align_top bt_bb_align_left bt_bb_padding_normal\" style=\"; --column-width:12;\" data-width=\"12\" data-bt-override-class=\"{}\"><div class=\"bt_bb_column_content\"><div class=\"bt_bb_column_content_inner\"><div  class=\"bt_bb_text\" ><\/p>\n<h1 class=\"entry-title\">Podmienky, pravidl\u00e1<\/h1>\n<div class=\"entry-content\">\n<section class=\"kc-elm kc_row\">\n<div class=\"kc-row-container kc-container\">\n<div class=\"kc-wrap-columns\">\n<div class=\"kc-elm kc_col-sm-12 kc_column kc_col-sm-12\">\n<div class=\"kc-col-container\">\n<div class=\"kc-elm kc_text_block\">\n<p>V\u0161etci \u00fa\u010dastnici plaveck\u00fdch kurzov sa po vyplnen\u00ed prihl\u00e1\u0161ky a uhraden\u00ed \u010dlensk\u00e9ho poplatku automaticky st\u00e1vaj\u00fa \u010dlenmi klubu. Podmienkou \u00fa\u010dasti na ak\u00fdchko\u013evek aktivit\u00e1ch klubu je platn\u00e9 \u010dlenstvo v klube a teda uhraden\u00fd \u010dlensk\u00fd poplatok.<br \/>Prihl\u00e1senie na plaveck\u00e9 kurzy sa realizuje elektronicky. Po \u00faspe\u0161nom odoslan\u00ed elektronickej prihl\u00e1\u0161ky v\u00e1m bude automaticky doru\u010den\u00e9 potvrdenie o odoslan\u00ed. Va\u0161u prihl\u00e1\u0161ku spracujeme do nieko\u013ek\u00fdch pracovn\u00fdch dn\u00ed a po\u0161leme V\u00e1m email s potvrden\u00edm o \u00faspe\u0161nom zaraden\u00ed \u00fa\u010dastn\u00edka do kurzu spolu s \u00fadajmi na \u00fahradu \u010dlensk\u00e9ho poplatku, alternat\u00edvne V\u00e1m pon\u00fakneme in\u00fd vo\u013en\u00fd term\u00edn.<br \/>Uch\u00e1dza\u010d o vybran\u00fd plaveck\u00fd kurz mus\u00ed sp\u013a\u0148a\u0165 predpoklady uveden\u00e9 v charakteristike kurzov. V pr\u00edpade V\u00e1\u0161ho nespr\u00e1vneho v\u00fdberu (die\u0165a nesp\u013a\u0148a krit\u00e9ria pre dan\u00fd kurz), nezaru\u010dujeme preradenie do vhodn\u00e9ho kurzu (z kapacitn\u00fdch d\u00f4vodov) a uch\u00e1dza\u010d m\u00f4\u017ee by\u0165 z kurzu vyraden\u00fd.<\/p>\n<p>Po obdr\u017ean\u00ed potvrdenia <strong>o prijat\u00ed<\/strong> (nie o odoslan\u00ed prihl\u00e1\u0161ky!) do plaveck\u00e9ho kurzu je nutn\u00e9 \u00fahradu \u010dlensk\u00e9ho vykona\u0165 do <strong>5 pracovn\u00fdch dn\u00ed<\/strong>\u00a0na z\u00e1klade doru\u010den\u00fdch detailov na \u00fahradu. V pr\u00edpade, \u017ee Va\u0161u platbu v doh\u013eadnej dobe neevidujeme, kontaktujeme V\u00e1s oh\u013eadom tejto skuto\u010dnosti pred stormovan\u00edm prihl\u00e1\u0161ky.<\/p>\n<p>Prednos\u0165 pri prihl\u00e1sen\u00ed maj\u00fa \u00fa\u010dastn\u00edci, ktor\u00ed chodili na predo\u0161l\u00fd (posledn\u00fd) cyklus kurzov. T\u00fdm sa spravidla d\u00e1va mo\u017enos\u0165 prednostn\u00e9ho prihl\u00e1senia (pred\u013a\u017eenia \u010dlenstva), 7-14 dn\u00ed pred ofici\u00e1lnym spusten\u00edm prihlasovania. KV\u0160 Oce\u00e1n si vyhradzuje pr\u00e1vo presun\u00fa\u0165 \u00fa\u010dastn\u00edkov kurzu na in\u00fd term\u00edn v ktorom mal kurz prebieha\u0165 v pr\u00edpade, \u017ee sa na kurz neprihl\u00e1si dostato\u010dn\u00fd po\u010det uch\u00e1dza\u010dov. KV\u0160 OCE\u00c1N si vyhradzuje pr\u00e1vo presun\u00fa\u0165 \u00fa\u010dastn\u00edka do in\u00e9ho typu kurzu v pr\u00edpade, \u017ee \u00fa\u010dastn\u00edkova plaveck\u00e1 \u00farove\u0148 nezodpoved\u00e1 po\u017eadovanej \u00farovne plaveck\u00e9ho kurzu na ktor\u00ed sa prihl\u00e1sil pr\u00edpadne z kapacitn\u00fdch d\u00f4vodov \u00fa\u010dastn\u00edka odhl\u00e1si\u0165.<\/p>\n<p>Odhl\u00e1si\u0165 sa z kurzu je mo\u017en\u00e9 z ak\u00e9hoko\u013evek d\u00f4vodu najnesk\u00f4r\u00a0<strong>po druhej hodine<\/strong>\u00a0od za\u010diatku kurzu, kedy m\u00e1te n\u00e1rok na vr\u00e1tenie\u00a0<strong>80 %<\/strong>\u00a0z \u010dlensk\u00e9ho poplatku.<br \/><strong>Za ne\u00fa\u010das\u0165 na kurze nevznik\u00e1 n\u00e1rok na finan\u010dn\u00fa n\u00e1hradu!<\/strong>\u00a0Uveden\u00e9 plat\u00ed bez oh\u013eadu na d\u00f4vod absenci\u00ed. Jedinou mo\u017enou kompenz\u00e1ciou je n\u00e1hrada hod\u00edn pod dohode(vi\u010f. ni\u017e\u0161ie)<\/p>\n<p>V pr\u00edpade, nemo\u017enosti konania kurzu z d\u00f4vodu technick\u00fdch probl\u00e9mov \u010dlenstvo sa automaticky predl\u017euje tak, aby v\u0161etci prihl\u00e1sen\u00ed \u00fa\u010dastn\u00edci nepri\u0161li o pl\u00e1novan\u00e9 hodiny. \u00da\u010dastn\u00edkovi teda hodiny, ktor\u00e9 z technick\u00fdch pr\u00ed\u010din nebolo mo\u017en\u00e9 zrealizova\u0165 neprepadaj\u00fa!<\/p>\n<p>Po\u010das dan\u00e9ho cyklu m\u00e1te pr\u00e1vo si nahradi\u0165\u00a0<strong>2 hodiny <\/strong>(pri pl\u00e1van\u00ed 1x\/t\u00fd\u017ede\u0148) v in\u00fd de\u0148, ako zvy\u010dajne chod\u00edte. N\u00e1hradu je nutn\u00e9 si vopred dohodn\u00fa\u0165.<br \/>Aby mohla by\u0165 poskytnut\u00e1 mo\u017enos\u0165 n\u00e1hrady, je potrebn\u00e9 aby \u00fa\u010dastn\u00edk resp. z\u00e1konn\u00fd z\u00e1stupca vopred o ozn\u00e1mil (najnesk\u00f4r<strong>\u00a024h<\/strong>\u00a0pred konan\u00edm hodiny) pr\u00edpadnu ne\u00fa\u010das\u0165 na plaveckej hodine. Oznam sa posiela elektronicky na email \u2013<strong>\u00a0info@plavaniemalacky.sk<\/strong>. Jedine v\u010faka tomuto syst\u00e9mu vieme zaru\u010di\u0165 nahr\u00e1dzanie hod\u00edn v \u010do najv\u00e4\u010d\u0161om rozsahu, vzh\u013eadom k limitom plav\u00e1rne\/po\u010dtu \u00fa\u010dastn\u00edkov v skupine.<br \/>O n\u00e1hradu je potrebn\u00e9 po\u017eiada\u0165 taktie\u017e prostredn\u00edctvom\u00a0<strong>e-mailu: info@plavaniemalacky.sk <\/strong>alternat\u00edvne cez<strong> Whatsapp.<br \/><\/strong>V pr\u00edpade dlhodob\u00fdch zdravotn\u00fdch probl\u00e9mov a pod. sa ka\u017ed\u00e1 \u017eiados\u0165 rie\u0161i a posudzuje individu\u00e1lne.<\/p>\n<p>Budeme radi za ka\u017ed\u00fa sp\u00e4tn\u00fa v\u00e4zbu oh\u013eadom priebehu tr\u00e9ningov, tr\u00e9nerov \u2013 <strong>info@plavaniemalacky.sk<\/strong><\/p>\n<p>Ak m\u00e1 Va\u0161e die\u0165a ak\u00e9ko\u013evek zdravotn\u00e9 komplik\u00e1cie, ktor\u00e9 by sa mohli prejavi\u0165 po\u010das tr\u00e9ningu, doporu\u010dujeme konzult\u00e1ciu s lek\u00e1rom. V prihl\u00e1\u0161ke je nutn\u00e9 uvies\u0165 a nezaml\u010da\u0165 ak\u00e9ko\u013evek zdravotn\u00e9 komplik\u00e1cie a rizik\u00e1 pre bezpe\u010dnos\u0165 v\u0161etk\u00fdch \u010dlenov ako aj \u00fa\u010dastn\u00edka samotn\u00e9ho.<\/p>\n<p>\u010clen resp. z\u00e1konn\u00fd z\u00e1stupca s\u00fahlas\u00ed so spracovan\u00edm osobn\u00fdch \u00fadajov pod\u013ea &amp; 19 ods. 1 a 2 z\u00e1kona \u010d.18\/2018 Z.z o ochrane osobn\u00fdch \u00fadajov a o zmene a doplnen\u00ed niektor\u00fdch z\u00e1konov a pod\u013ea \u010dl\u00e1nku 13 Nariadenie Eur\u00f3pskeho parlamentu a Rady (E\u00da) 2016\/679. Taktie\u017e i so zverejnen\u00edm fotografi\u00ed, alebo vide\u00ed z plaveck\u00e9ho v\u00fdcviku na str\u00e1nkach klubu a soci\u00e1lnych sie\u0165ach pre marketingov\u00e9 \u00fa\u010dely klubu bez n\u00e1roku na honor\u00e1r. V zmysle \u00a7 14 ods. 3 z\u00e1kona \u010d. 18\/2018 Z.z. dotknut\u00e1 osoba m\u00e1 pr\u00e1vo kedyko\u013evek odvola\u0165 s\u00fahlas so spracovan\u00edm osobn\u00fdch \u00fadajov, ktor\u00e9 sa jej t\u00fdkaj\u00fa. Odvolanie s\u00fahlasu nem\u00e1 vplyv na z\u00e1konnos\u0165 sprac\u00favania osobn\u00fdch \u00fadajov zalo\u017eenom na s\u00fahlase pred jeho odvolan\u00edm, pred poskytnut\u00edm s\u00fahlasu mus\u00ed by\u0165 dotknut\u00e1 osoba o tejto skuto\u010dnosti informovan\u00e1. Dotknut\u00e1 osoba m\u00f4\u017ee s\u00fahlas odvola\u0165 rovnak\u00fdm sp\u00f4sobom ak\u00fdm s\u00fahlas udelila.<\/p>\n<p><strong>Horeuveden\u00e9 podmienky\/pravidl\u00e1 klubu s\u00fa vypracovan\u00e9 na z\u00e1klade platn\u00fdch stanov a z\u00e1v\u00e4zn\u00e9 pre v\u0161etk\u00fdch \u010dlenov vr\u00e1tane funkcion\u00e1rov.<\/strong><\/p>\n<p>KV\u0160 OCE\u00c1N team<\/p>\n<\/div>\n<\/div>\n<\/div>\n<\/div>\n<\/div>\n<\/section>\n<\/div>\n<p>\n<\/div><\/div><\/div><\/div><\/div><\/div><\/div><!-- cell_inner --><\/div><!-- cell --><\/div><!-- port --><\/section>\n","protected":false},"excerpt":{"rendered":"","protected":false},"author":1,"featured_media":0,"parent":0,"menu_order":0,"comment_status":"closed","ping_status":"closed","template":"","meta":{"_monsterinsights_skip_tracking":false,"_monsterinsights_sitenote_active":false,"_monsterinsights_sitenote_note":"","_monsterinsights_sitenote_category":0,"footnotes":""},"class_list":["post-1950","page","type-page","status-publish","hentry"],"yoast_head":"<!-- This site is optimized with the Yoast SEO plugin v27.4 - https:\/\/yoast.com\/product\/yoast-seo-wordpress\/ -->\n<title>PRAVIDL\u00c1 - KV\u0160 OCE\u00c1N MALACKY - pl\u00e1vanie pre deti, ml\u00e1de\u017e aj dospel\u00fdch<\/title>\n<meta name=\"robots\" content=\"index, follow, max-snippet:-1, max-image-preview:large, max-video-preview:-1\" \/>\n<link rel=\"canonical\" href=\"https:\/\/plavaniemalacky.sk\/index.php\/pravidla\/\" \/>\n<meta property=\"og:locale\" content=\"sk_SK\" \/>\n<meta property=\"og:type\" content=\"article\" \/>\n<meta property=\"og:title\" content=\"PRAVIDL\u00c1 - KV\u0160 OCE\u00c1N MALACKY - pl\u00e1vanie pre deti, ml\u00e1de\u017e aj dospel\u00fdch\" \/>\n<meta property=\"og:url\" content=\"https:\/\/plavaniemalacky.sk\/index.php\/pravidla\/\" \/>\n<meta property=\"og:site_name\" content=\"KV\u0160 OCE\u00c1N MALACKY - pl\u00e1vanie pre deti, ml\u00e1de\u017e aj dospel\u00fdch\" \/>\n<meta property=\"article:publisher\" content=\"https:\/\/www.facebook.com\/kvsoceanmalacky\/\" \/>\n<meta property=\"article:modified_time\" content=\"2025-01-03T19:48:23+00:00\" \/>\n<meta name=\"twitter:card\" content=\"summary_large_image\" \/>\n<meta name=\"twitter:label1\" content=\"Predpokladan\u00fd \u010das \u010d\u00edtania\" \/>\n\t<meta name=\"twitter:data1\" content=\"4 min\u00faty\" \/>\n<script type=\"application\/ld+json\" class=\"yoast-schema-graph\">{\"@context\":\"https:\\\/\\\/schema.org\",\"@graph\":[{\"@type\":\"WebPage\",\"@id\":\"https:\\\/\\\/plavaniemalacky.sk\\\/index.php\\\/pravidla\\\/\",\"url\":\"https:\\\/\\\/plavaniemalacky.sk\\\/index.php\\\/pravidla\\\/\",\"name\":\"PRAVIDL\u00c1 - KV\u0160 OCE\u00c1N MALACKY - pl\u00e1vanie pre deti, ml\u00e1de\u017e aj dospel\u00fdch\",\"isPartOf\":{\"@id\":\"https:\\\/\\\/plavaniemalacky.sk\\\/#website\"},\"datePublished\":\"2018-03-10T18:08:25+00:00\",\"dateModified\":\"2025-01-03T19:48:23+00:00\",\"breadcrumb\":{\"@id\":\"https:\\\/\\\/plavaniemalacky.sk\\\/index.php\\\/pravidla\\\/#breadcrumb\"},\"inLanguage\":\"sk-SK\",\"potentialAction\":[{\"@type\":\"ReadAction\",\"target\":[\"https:\\\/\\\/plavaniemalacky.sk\\\/index.php\\\/pravidla\\\/\"]}]},{\"@type\":\"BreadcrumbList\",\"@id\":\"https:\\\/\\\/plavaniemalacky.sk\\\/index.php\\\/pravidla\\\/#breadcrumb\",\"itemListElement\":[{\"@type\":\"ListItem\",\"position\":1,\"name\":\"Home\",\"item\":\"https:\\\/\\\/plavaniemalacky.sk\\\/\"},{\"@type\":\"ListItem\",\"position\":2,\"name\":\"PRAVIDL\u00c1\"}]},{\"@type\":\"WebSite\",\"@id\":\"https:\\\/\\\/plavaniemalacky.sk\\\/#website\",\"url\":\"https:\\\/\\\/plavaniemalacky.sk\\\/\",\"name\":\"KV\u0160 OCE\u00c1N MALACKY - pl\u00e1vanie pre deti, ml\u00e1de\u017e aj dospel\u00fdch\",\"description\":\"plaveck\u00e9 kurzy v Malack\u00e1ch\",\"publisher\":{\"@id\":\"https:\\\/\\\/plavaniemalacky.sk\\\/#organization\"},\"potentialAction\":[{\"@type\":\"SearchAction\",\"target\":{\"@type\":\"EntryPoint\",\"urlTemplate\":\"https:\\\/\\\/plavaniemalacky.sk\\\/?s={search_term_string}\"},\"query-input\":{\"@type\":\"PropertyValueSpecification\",\"valueRequired\":true,\"valueName\":\"search_term_string\"}}],\"inLanguage\":\"sk-SK\"},{\"@type\":\"Organization\",\"@id\":\"https:\\\/\\\/plavaniemalacky.sk\\\/#organization\",\"name\":\"KV\u0160 OCE\u00c1N MALACKY\",\"url\":\"https:\\\/\\\/plavaniemalacky.sk\\\/\",\"logo\":{\"@type\":\"ImageObject\",\"inLanguage\":\"sk-SK\",\"@id\":\"https:\\\/\\\/plavaniemalacky.sk\\\/#\\\/schema\\\/logo\\\/image\\\/\",\"url\":\"https:\\\/\\\/plavaniemalacky.sk\\\/wp-content\\\/uploads\\\/2018\\\/02\\\/Logo-OCEAN-Cerveny-lem-pisma-final1.png\",\"contentUrl\":\"https:\\\/\\\/plavaniemalacky.sk\\\/wp-content\\\/uploads\\\/2018\\\/02\\\/Logo-OCEAN-Cerveny-lem-pisma-final1.png\",\"width\":1833,\"height\":1833,\"caption\":\"KV\u0160 OCE\u00c1N MALACKY\"},\"image\":{\"@id\":\"https:\\\/\\\/plavaniemalacky.sk\\\/#\\\/schema\\\/logo\\\/image\\\/\"},\"sameAs\":[\"https:\\\/\\\/www.facebook.com\\\/kvsoceanmalacky\\\/\"]}]}<\/script>\n<!-- \/ Yoast SEO plugin. -->","yoast_head_json":{"title":"PRAVIDL\u00c1 - KV\u0160 OCE\u00c1N MALACKY - pl\u00e1vanie pre deti, ml\u00e1de\u017e aj dospel\u00fdch","robots":{"index":"index","follow":"follow","max-snippet":"max-snippet:-1","max-image-preview":"max-image-preview:large","max-video-preview":"max-video-preview:-1"},"canonical":"https:\/\/plavaniemalacky.sk\/index.php\/pravidla\/","og_locale":"sk_SK","og_type":"article","og_title":"PRAVIDL\u00c1 - KV\u0160 OCE\u00c1N MALACKY - pl\u00e1vanie pre deti, ml\u00e1de\u017e aj dospel\u00fdch","og_url":"https:\/\/plavaniemalacky.sk\/index.php\/pravidla\/","og_site_name":"KV\u0160 OCE\u00c1N MALACKY - pl\u00e1vanie pre deti, ml\u00e1de\u017e aj dospel\u00fdch","article_publisher":"https:\/\/www.facebook.com\/kvsoceanmalacky\/","article_modified_time":"2025-01-03T19:48:23+00:00","twitter_card":"summary_large_image","twitter_misc":{"Predpokladan\u00fd \u010das \u010d\u00edtania":"4 min\u00faty"},"schema":{"@context":"https:\/\/schema.org","@graph":[{"@type":"WebPage","@id":"https:\/\/plavaniemalacky.sk\/index.php\/pravidla\/","url":"https:\/\/plavaniemalacky.sk\/index.php\/pravidla\/","name":"PRAVIDL\u00c1 - KV\u0160 OCE\u00c1N MALACKY - pl\u00e1vanie pre deti, ml\u00e1de\u017e aj dospel\u00fdch","isPartOf":{"@id":"https:\/\/plavaniemalacky.sk\/#website"},"datePublished":"2018-03-10T18:08:25+00:00","dateModified":"2025-01-03T19:48:23+00:00","breadcrumb":{"@id":"https:\/\/plavaniemalacky.sk\/index.php\/pravidla\/#breadcrumb"},"inLanguage":"sk-SK","potentialAction":[{"@type":"ReadAction","target":["https:\/\/plavaniemalacky.sk\/index.php\/pravidla\/"]}]},{"@type":"BreadcrumbList","@id":"https:\/\/plavaniemalacky.sk\/index.php\/pravidla\/#breadcrumb","itemListElement":[{"@type":"ListItem","position":1,"name":"Home","item":"https:\/\/plavaniemalacky.sk\/"},{"@type":"ListItem","position":2,"name":"PRAVIDL\u00c1"}]},{"@type":"WebSite","@id":"https:\/\/plavaniemalacky.sk\/#website","url":"https:\/\/plavaniemalacky.sk\/","name":"KV\u0160 OCE\u00c1N MALACKY - pl\u00e1vanie pre deti, ml\u00e1de\u017e aj dospel\u00fdch","description":"plaveck\u00e9 kurzy v Malack\u00e1ch","publisher":{"@id":"https:\/\/plavaniemalacky.sk\/#organization"},"potentialAction":[{"@type":"SearchAction","target":{"@type":"EntryPoint","urlTemplate":"https:\/\/plavaniemalacky.sk\/?s={search_term_string}"},"query-input":{"@type":"PropertyValueSpecification","valueRequired":true,"valueName":"search_term_string"}}],"inLanguage":"sk-SK"},{"@type":"Organization","@id":"https:\/\/plavaniemalacky.sk\/#organization","name":"KV\u0160 OCE\u00c1N MALACKY","url":"https:\/\/plavaniemalacky.sk\/","logo":{"@type":"ImageObject","inLanguage":"sk-SK","@id":"https:\/\/plavaniemalacky.sk\/#\/schema\/logo\/image\/","url":"https:\/\/plavaniemalacky.sk\/wp-content\/uploads\/2018\/02\/Logo-OCEAN-Cerveny-lem-pisma-final1.png","contentUrl":"https:\/\/plavaniemalacky.sk\/wp-content\/uploads\/2018\/02\/Logo-OCEAN-Cerveny-lem-pisma-final1.png","width":1833,"height":1833,"caption":"KV\u0160 OCE\u00c1N MALACKY"},"image":{"@id":"https:\/\/plavaniemalacky.sk\/#\/schema\/logo\/image\/"},"sameAs":["https:\/\/www.facebook.com\/kvsoceanmalacky\/"]}]}},"_links":{"self":[{"href":"https:\/\/plavaniemalacky.sk\/index.php\/wp-json\/wp\/v2\/pages\/1950","targetHints":{"allow":["GET"]}}],"collection":[{"href":"https:\/\/plavaniemalacky.sk\/index.php\/wp-json\/wp\/v2\/pages"}],"about":[{"href":"https:\/\/plavaniemalacky.sk\/index.php\/wp-json\/wp\/v2\/types\/page"}],"author":[{"embeddable":true,"href":"https:\/\/plavaniemalacky.sk\/index.php\/wp-json\/wp\/v2\/users\/1"}],"replies":[{"embeddable":true,"href":"https:\/\/plavaniemalacky.sk\/index.php\/wp-json\/wp\/v2\/comments?post=1950"}],"version-history":[{"count":6,"href":"https:\/\/plavaniemalacky.sk\/index.php\/wp-json\/wp\/v2\/pages\/1950\/revisions"}],"predecessor-version":[{"id":2636,"href":"https:\/\/plavaniemalacky.sk\/index.php\/wp-json\/wp\/v2\/pages\/1950\/revisions\/2636"}],"wp:attachment":[{"href":"https:\/\/plavaniemalacky.sk\/index.php\/wp-json\/wp\/v2\/media?parent=1950"}],"curies":[{"name":"wp","href":"https:\/\/api.w.org\/{rel}","templated":true}]}}