{"id":2220,"date":"2020-01-04T10:42:52","date_gmt":"2020-01-04T09:42:52","guid":{"rendered":"https:\/\/plavaniemalacky.sk\/?page_id=2220"},"modified":"2020-01-04T12:06:17","modified_gmt":"2020-01-04T11:06:17","slug":"dalsie-info","status":"publish","type":"page","link":"https:\/\/plavaniemalacky.sk\/index.php\/dalsie-info\/","title":{"rendered":"\u010fal\u0161ie info"},"content":{"rendered":"<section id=\"bt_bb_section69eccab62b4b7\" class=\"bt_bb_section bt_bb_layout_boxed_1200\"  data-bt-override-class=\"null\"><div class=\"bt_bb_port\"><div class=\"bt_bb_cell\"><div class=\"bt_bb_cell_inner\"><div class=\"bt_bb_row \"  data-bt-override-class=\"{}\"><div class=\"bt_bb_row_holder\" ><div  class=\"bt_bb_column col-xxl-6 col-xl-6 bt_bb_vertical_align_top bt_bb_align_left bt_bb_padding_normal\" style=\"; --column-width:6;\" data-width=\"6\" data-bt-override-class=\"{}\"><div class=\"bt_bb_column_content\"><div class=\"bt_bb_column_content_inner\"><div  class=\"bt_bb_text\" ><\/p>\n<h5><span style=\"color: #000080;\"><a style=\"color: #000080;\" href=\"https:\/\/plavaniemalacky.sk\/index.php\/o-nas-2\/\">O N\u00c1S<\/a><\/span><\/h5>\n<h5><span style=\"color: #000080;\"><a style=\"color: #000080;\" href=\"https:\/\/plavaniemalacky.sk\/index.php\/oddiel\/\">\u0160PORTOV\u00dd ODDIEL<\/a><\/span><\/h5>\n<h5><span style=\"color: #000080;\"><a style=\"color: #000080;\" href=\"https:\/\/plavaniemalacky.sk\/index.php\/pravidla\/\">PRAVIDL\u00c1<\/a><\/span><\/h5>\n<h5><span style=\"color: #000080;\"><a style=\"color: #000080;\" href=\"https:\/\/plavaniemalacky.sk\/index.php\/single-gallery-2\/\">GAL\u00c9RIA<\/a><\/span><\/h5>\n<h5><\/h5>\n<p>\n<\/div><\/div><\/div><\/div><div  class=\"bt_bb_column col-xxl-6 col-xl-6 bt_bb_vertical_align_top bt_bb_align_left bt_bb_padding_normal\" style=\"; --column-width:6;\" data-width=\"6\" data-bt-override-class=\"{}\"><div class=\"bt_bb_column_content\"><div class=\"bt_bb_column_content_inner\"><\/div><\/div><\/div><\/div><\/div><\/div><!-- cell_inner --><\/div><!-- cell --><\/div><!-- port --><\/section>\n","protected":false},"excerpt":{"rendered":"","protected":false},"author":1,"featured_media":0,"parent":0,"menu_order":0,"comment_status":"closed","ping_status":"closed","template":"","meta":{"_monsterinsights_skip_tracking":false,"_monsterinsights_sitenote_active":false,"_monsterinsights_sitenote_note":"","_monsterinsights_sitenote_category":0,"footnotes":""},"class_list":["post-2220","page","type-page","status-publish","hentry"],"yoast_head":"<!-- This site is optimized with the Yoast SEO plugin v27.4 - https:\/\/yoast.com\/product\/yoast-seo-wordpress\/ -->\n<title>\u010fal\u0161ie info - KV\u0160 OCE\u00c1N MALACKY - pl\u00e1vanie pre deti, ml\u00e1de\u017e aj dospel\u00fdch<\/title>\n<meta name=\"robots\" content=\"index, follow, max-snippet:-1, max-image-preview:large, max-video-preview:-1\" \/>\n<link rel=\"canonical\" href=\"https:\/\/plavaniemalacky.sk\/index.php\/dalsie-info\/\" \/>\n<meta property=\"og:locale\" content=\"sk_SK\" \/>\n<meta property=\"og:type\" content=\"article\" \/>\n<meta property=\"og:title\" content=\"\u010fal\u0161ie info - KV\u0160 OCE\u00c1N MALACKY - pl\u00e1vanie pre deti, ml\u00e1de\u017e aj dospel\u00fdch\" \/>\n<meta property=\"og:url\" content=\"https:\/\/plavaniemalacky.sk\/index.php\/dalsie-info\/\" \/>\n<meta property=\"og:site_name\" content=\"KV\u0160 OCE\u00c1N MALACKY - pl\u00e1vanie pre deti, ml\u00e1de\u017e aj dospel\u00fdch\" \/>\n<meta property=\"article:publisher\" content=\"https:\/\/www.facebook.com\/kvsoceanmalacky\/\" \/>\n<meta property=\"article:modified_time\" content=\"2020-01-04T11:06:17+00:00\" \/>\n<meta name=\"twitter:card\" content=\"summary_large_image\" \/>\n<script type=\"application\/ld+json\" class=\"yoast-schema-graph\">{\"@context\":\"https:\\\/\\\/schema.org\",\"@graph\":[{\"@type\":\"WebPage\",\"@id\":\"https:\\\/\\\/plavaniemalacky.sk\\\/index.php\\\/dalsie-info\\\/\",\"url\":\"https:\\\/\\\/plavaniemalacky.sk\\\/index.php\\\/dalsie-info\\\/\",\"name\":\"\u010fal\u0161ie info - KV\u0160 OCE\u00c1N MALACKY - pl\u00e1vanie pre deti, ml\u00e1de\u017e aj dospel\u00fdch\",\"isPartOf\":{\"@id\":\"https:\\\/\\\/plavaniemalacky.sk\\\/#website\"},\"datePublished\":\"2020-01-04T09:42:52+00:00\",\"dateModified\":\"2020-01-04T11:06:17+00:00\",\"breadcrumb\":{\"@id\":\"https:\\\/\\\/plavaniemalacky.sk\\\/index.php\\\/dalsie-info\\\/#breadcrumb\"},\"inLanguage\":\"sk-SK\",\"potentialAction\":[{\"@type\":\"ReadAction\",\"target\":[\"https:\\\/\\\/plavaniemalacky.sk\\\/index.php\\\/dalsie-info\\\/\"]}]},{\"@type\":\"BreadcrumbList\",\"@id\":\"https:\\\/\\\/plavaniemalacky.sk\\\/index.php\\\/dalsie-info\\\/#breadcrumb\",\"itemListElement\":[{\"@type\":\"ListItem\",\"position\":1,\"name\":\"Home\",\"item\":\"https:\\\/\\\/plavaniemalacky.sk\\\/\"},{\"@type\":\"ListItem\",\"position\":2,\"name\":\"\u010fal\u0161ie info\"}]},{\"@type\":\"WebSite\",\"@id\":\"https:\\\/\\\/plavaniemalacky.sk\\\/#website\",\"url\":\"https:\\\/\\\/plavaniemalacky.sk\\\/\",\"name\":\"KV\u0160 OCE\u00c1N MALACKY - pl\u00e1vanie pre deti, ml\u00e1de\u017e aj dospel\u00fdch\",\"description\":\"plaveck\u00e9 kurzy v Malack\u00e1ch\",\"publisher\":{\"@id\":\"https:\\\/\\\/plavaniemalacky.sk\\\/#organization\"},\"potentialAction\":[{\"@type\":\"SearchAction\",\"target\":{\"@type\":\"EntryPoint\",\"urlTemplate\":\"https:\\\/\\\/plavaniemalacky.sk\\\/?s={search_term_string}\"},\"query-input\":{\"@type\":\"PropertyValueSpecification\",\"valueRequired\":true,\"valueName\":\"search_term_string\"}}],\"inLanguage\":\"sk-SK\"},{\"@type\":\"Organization\",\"@id\":\"https:\\\/\\\/plavaniemalacky.sk\\\/#organization\",\"name\":\"KV\u0160 OCE\u00c1N MALACKY\",\"url\":\"https:\\\/\\\/plavaniemalacky.sk\\\/\",\"logo\":{\"@type\":\"ImageObject\",\"inLanguage\":\"sk-SK\",\"@id\":\"https:\\\/\\\/plavaniemalacky.sk\\\/#\\\/schema\\\/logo\\\/image\\\/\",\"url\":\"https:\\\/\\\/plavaniemalacky.sk\\\/wp-content\\\/uploads\\\/2018\\\/02\\\/Logo-OCEAN-Cerveny-lem-pisma-final1.png\",\"contentUrl\":\"https:\\\/\\\/plavaniemalacky.sk\\\/wp-content\\\/uploads\\\/2018\\\/02\\\/Logo-OCEAN-Cerveny-lem-pisma-final1.png\",\"width\":1833,\"height\":1833,\"caption\":\"KV\u0160 OCE\u00c1N MALACKY\"},\"image\":{\"@id\":\"https:\\\/\\\/plavaniemalacky.sk\\\/#\\\/schema\\\/logo\\\/image\\\/\"},\"sameAs\":[\"https:\\\/\\\/www.facebook.com\\\/kvsoceanmalacky\\\/\"]}]}<\/script>\n<!-- \/ Yoast SEO plugin. -->","yoast_head_json":{"title":"\u010fal\u0161ie info - KV\u0160 OCE\u00c1N MALACKY - pl\u00e1vanie pre deti, ml\u00e1de\u017e aj dospel\u00fdch","robots":{"index":"index","follow":"follow","max-snippet":"max-snippet:-1","max-image-preview":"max-image-preview:large","max-video-preview":"max-video-preview:-1"},"canonical":"https:\/\/plavaniemalacky.sk\/index.php\/dalsie-info\/","og_locale":"sk_SK","og_type":"article","og_title":"\u010fal\u0161ie info - KV\u0160 OCE\u00c1N MALACKY - pl\u00e1vanie pre deti, ml\u00e1de\u017e aj dospel\u00fdch","og_url":"https:\/\/plavaniemalacky.sk\/index.php\/dalsie-info\/","og_site_name":"KV\u0160 OCE\u00c1N MALACKY - pl\u00e1vanie pre deti, ml\u00e1de\u017e aj dospel\u00fdch","article_publisher":"https:\/\/www.facebook.com\/kvsoceanmalacky\/","article_modified_time":"2020-01-04T11:06:17+00:00","twitter_card":"summary_large_image","schema":{"@context":"https:\/\/schema.org","@graph":[{"@type":"WebPage","@id":"https:\/\/plavaniemalacky.sk\/index.php\/dalsie-info\/","url":"https:\/\/plavaniemalacky.sk\/index.php\/dalsie-info\/","name":"\u010fal\u0161ie info - KV\u0160 OCE\u00c1N MALACKY - pl\u00e1vanie pre deti, ml\u00e1de\u017e aj dospel\u00fdch","isPartOf":{"@id":"https:\/\/plavaniemalacky.sk\/#website"},"datePublished":"2020-01-04T09:42:52+00:00","dateModified":"2020-01-04T11:06:17+00:00","breadcrumb":{"@id":"https:\/\/plavaniemalacky.sk\/index.php\/dalsie-info\/#breadcrumb"},"inLanguage":"sk-SK","potentialAction":[{"@type":"ReadAction","target":["https:\/\/plavaniemalacky.sk\/index.php\/dalsie-info\/"]}]},{"@type":"BreadcrumbList","@id":"https:\/\/plavaniemalacky.sk\/index.php\/dalsie-info\/#breadcrumb","itemListElement":[{"@type":"ListItem","position":1,"name":"Home","item":"https:\/\/plavaniemalacky.sk\/"},{"@type":"ListItem","position":2,"name":"\u010fal\u0161ie info"}]},{"@type":"WebSite","@id":"https:\/\/plavaniemalacky.sk\/#website","url":"https:\/\/plavaniemalacky.sk\/","name":"KV\u0160 OCE\u00c1N MALACKY - pl\u00e1vanie pre deti, ml\u00e1de\u017e aj dospel\u00fdch","description":"plaveck\u00e9 kurzy v Malack\u00e1ch","publisher":{"@id":"https:\/\/plavaniemalacky.sk\/#organization"},"potentialAction":[{"@type":"SearchAction","target":{"@type":"EntryPoint","urlTemplate":"https:\/\/plavaniemalacky.sk\/?s={search_term_string}"},"query-input":{"@type":"PropertyValueSpecification","valueRequired":true,"valueName":"search_term_string"}}],"inLanguage":"sk-SK"},{"@type":"Organization","@id":"https:\/\/plavaniemalacky.sk\/#organization","name":"KV\u0160 OCE\u00c1N MALACKY","url":"https:\/\/plavaniemalacky.sk\/","logo":{"@type":"ImageObject","inLanguage":"sk-SK","@id":"https:\/\/plavaniemalacky.sk\/#\/schema\/logo\/image\/","url":"https:\/\/plavaniemalacky.sk\/wp-content\/uploads\/2018\/02\/Logo-OCEAN-Cerveny-lem-pisma-final1.png","contentUrl":"https:\/\/plavaniemalacky.sk\/wp-content\/uploads\/2018\/02\/Logo-OCEAN-Cerveny-lem-pisma-final1.png","width":1833,"height":1833,"caption":"KV\u0160 OCE\u00c1N MALACKY"},"image":{"@id":"https:\/\/plavaniemalacky.sk\/#\/schema\/logo\/image\/"},"sameAs":["https:\/\/www.facebook.com\/kvsoceanmalacky\/"]}]}},"_links":{"self":[{"href":"https:\/\/plavaniemalacky.sk\/index.php\/wp-json\/wp\/v2\/pages\/2220","targetHints":{"allow":["GET"]}}],"collection":[{"href":"https:\/\/plavaniemalacky.sk\/index.php\/wp-json\/wp\/v2\/pages"}],"about":[{"href":"https:\/\/plavaniemalacky.sk\/index.php\/wp-json\/wp\/v2\/types\/page"}],"author":[{"embeddable":true,"href":"https:\/\/plavaniemalacky.sk\/index.php\/wp-json\/wp\/v2\/users\/1"}],"replies":[{"embeddable":true,"href":"https:\/\/plavaniemalacky.sk\/index.php\/wp-json\/wp\/v2\/comments?post=2220"}],"version-history":[{"count":3,"href":"https:\/\/plavaniemalacky.sk\/index.php\/wp-json\/wp\/v2\/pages\/2220\/revisions"}],"predecessor-version":[{"id":2237,"href":"https:\/\/plavaniemalacky.sk\/index.php\/wp-json\/wp\/v2\/pages\/2220\/revisions\/2237"}],"wp:attachment":[{"href":"https:\/\/plavaniemalacky.sk\/index.php\/wp-json\/wp\/v2\/media?parent=2220"}],"curies":[{"name":"wp","href":"https:\/\/api.w.org\/{rel}","templated":true}]}}