{"id":2223,"date":"2020-01-04T10:53:46","date_gmt":"2020-01-04T09:53:46","guid":{"rendered":"https:\/\/plavaniemalacky.sk\/?page_id=2223"},"modified":"2022-01-16T18:09:02","modified_gmt":"2022-01-16T17:09:02","slug":"venuj-2","status":"publish","type":"page","link":"https:\/\/plavaniemalacky.sk\/index.php\/venuj-2\/","title":{"rendered":"venuj 2%"},"content":{"rendered":"<section id=\"bt_bb_section69ecc5ff0bf8f\" class=\"bt_bb_section bt_bb_layout_boxed_1200 bt_bb_vertical_align_top bt_bb_top_spacing_small bt_bb_bottom_spacing_small\"  data-bt-override-class=\"null\"><div class=\"bt_bb_port\"><div class=\"bt_bb_cell\"><div class=\"bt_bb_cell_inner\"><div class=\"bt_bb_row \"  data-bt-override-class=\"{}\"><div class=\"bt_bb_row_holder\" ><div  class=\"bt_bb_column col-xxl-12 col-xl-12 bt_bb_vertical_align_top bt_bb_align_left bt_bb_padding_normal\" style=\"; --column-width:12;\" data-width=\"12\" data-bt-override-class=\"{}\"><div class=\"bt_bb_column_content\"><div class=\"bt_bb_column_content_inner\"><div  class=\"bt_bb_text\" ><\/p>\n<p>V\u00e1\u017een\u00ed rodi\u010dia, \u010dlenovia a priaznivci KV\u0160 OCE\u00c1N,<\/p>\n<p>pros\u00edme V\u00e1s o podporu n\u00e1\u0161ho oddielu \u0161portov\u00e9ho pl\u00e1vania formou venovanie 2% z Va\u0161ich dan\u00ed.<\/p>\n<p>Venovanie 2% z dan\u00ed V\u00e1s ni\u010d nestoj\u00ed a naopak Vy m\u00e1te mo\u017enost<strong>\u00a0z\u00edska\u0165 z\u013eavu z \u010dlensk\u00e9ho poplatku z na\u0161ich plaveck\u00fdch kurzov\u00a0<\/strong><strong>a\u017e vo v\u00fd\u0161ke 20% z pouk\u00e1zanej sumy pre n\u00e1\u0161 klub!<\/strong><\/p>\n<p>\u00fadaje pr\u00edjmate\u013ea:<strong><br \/>n\u00e1zov: Klub vodn\u00fdch \u0161portov OCE\u00c1N Malacky<\/strong><br \/><strong>s\u00eddlo: Sasinkova 901\/2, 901 01 Malacky<\/strong><br \/><strong>pr\u00e1vna forma: ob\u010dianske zdru\u017eenie<\/strong><br \/><strong>I\u010cO: 51309700<\/strong><\/p>\n<p>Pokia\u013e ste zamestnanec a zamestn\u00e1vate\u013e V\u00e1m vyp\u013a\u0148a da\u0148ov\u00e9 priznanie sta\u010d\u00ed mu len poskytn\u00fa\u0165 \u00fadaje pr\u00edjmate\u013ea.<br \/><span style=\"letter-spacing: -0.27px;\">Pokia\u013e si rob\u00edte da\u0148ov\u00e9 sami, aktu\u00e1lne tla\u010div\u00e1<\/span><span style=\"font-size: inherit; letter-spacing: -0.015em; text-align: inherit;\"> n\u00e1jdete na port\u00e1ly <span style=\"color: #0000ff;\"><strong><a style=\"color: #0000ff;\" href=\"https:\/\/rozhodni.sk\/poukazatel\/tlaciva-na-poukazanie-2-z-dane\/\" target=\"_blank\" rel=\"noopener\">rozhodni.sk<\/a><\/strong><\/span><\/span><br \/>Formul\u00e1r na venovanie 2% je mo\u017en\u00e9 poda\u0165 dodato\u010dne aj po podan\u00ed da\u0148ov\u00e9ho priznania.<\/p>\n<p><!-- \/wp:post-content --><\/p>\n<p><!-- wp:paragraph --><\/p>\n<p>Z\u013eavu z \u010dlensk\u00e9ho poplatku vo v\u00fd\u0161ke 20% z pouk\u00e1zanej sumy je mo\u017en\u00e9 uplatni\u0165 v ktoromko\u013evek cykle do 24mesiacov. Na z\u00edskanie v\u00fdhody je potrebn\u00e9 n\u00e1m poslat emailom (pr\u00edp. odovzdat osobne) k\u00f3piu strany pre venovanie 2% kde je vidite\u013en\u00e1 v\u00fd\u0161ka pouk\u00e1zanej sumy n\u00e1\u0161mu klubu.<\/p>\n<p>Darca m\u00f4\u017ee by\u0165 ktoko\u013evek a rovnako je mo\u017en\u00e9 odovzda\u0165 viacero potvrden\u00ed. Po prijat\u00ed V\u00e1m vypo\u010d\u00edtame z\u013eavu z \u010dlensk\u00e9ho poplatku. Bez predlo\u017eenia potvrdenia <span style=\"text-decoration: underline;\">nie je<\/span> mo\u017en\u00e9 uplatni\u0165 z\u013eavu.<\/p>\n<p><!-- \/wp:paragraph --><\/p>\n<p><!-- wp:paragraph --><\/p>\n<p>\u010eakujeme!<\/p>\n<p>\n<\/div><\/div><\/div><\/div><\/div><\/div><\/div><!-- cell_inner --><\/div><!-- cell --><\/div><!-- port --><\/section>","protected":false},"excerpt":{"rendered":"","protected":false},"author":1,"featured_media":0,"parent":0,"menu_order":0,"comment_status":"closed","ping_status":"closed","template":"","meta":{"_monsterinsights_skip_tracking":false,"_monsterinsights_sitenote_active":false,"_monsterinsights_sitenote_note":"","_monsterinsights_sitenote_category":0,"footnotes":""},"class_list":["post-2223","page","type-page","status-publish","hentry"],"yoast_head":"<!-- This site is optimized with the Yoast SEO plugin v27.4 - https:\/\/yoast.com\/product\/yoast-seo-wordpress\/ -->\n<title>venuj 2% - KV\u0160 OCE\u00c1N MALACKY - pl\u00e1vanie pre deti, ml\u00e1de\u017e aj dospel\u00fdch<\/title>\n<meta name=\"robots\" content=\"index, follow, max-snippet:-1, max-image-preview:large, max-video-preview:-1\" \/>\n<link rel=\"canonical\" href=\"https:\/\/plavaniemalacky.sk\/index.php\/venuj-2\/\" \/>\n<meta property=\"og:locale\" content=\"sk_SK\" \/>\n<meta property=\"og:type\" content=\"article\" \/>\n<meta property=\"og:title\" content=\"venuj 2% - KV\u0160 OCE\u00c1N MALACKY - pl\u00e1vanie pre deti, ml\u00e1de\u017e aj dospel\u00fdch\" \/>\n<meta property=\"og:url\" content=\"https:\/\/plavaniemalacky.sk\/index.php\/venuj-2\/\" \/>\n<meta property=\"og:site_name\" content=\"KV\u0160 OCE\u00c1N MALACKY - pl\u00e1vanie pre deti, ml\u00e1de\u017e aj dospel\u00fdch\" \/>\n<meta property=\"article:publisher\" content=\"https:\/\/www.facebook.com\/kvsoceanmalacky\/\" \/>\n<meta property=\"article:modified_time\" content=\"2022-01-16T17:09:02+00:00\" \/>\n<meta name=\"twitter:card\" content=\"summary_large_image\" \/>\n<meta name=\"twitter:label1\" content=\"Predpokladan\u00fd \u010das \u010d\u00edtania\" \/>\n\t<meta name=\"twitter:data1\" content=\"2 min\u00faty\" \/>\n<script type=\"application\/ld+json\" class=\"yoast-schema-graph\">{\"@context\":\"https:\\\/\\\/schema.org\",\"@graph\":[{\"@type\":\"WebPage\",\"@id\":\"https:\\\/\\\/plavaniemalacky.sk\\\/index.php\\\/venuj-2\\\/\",\"url\":\"https:\\\/\\\/plavaniemalacky.sk\\\/index.php\\\/venuj-2\\\/\",\"name\":\"venuj 2% - KV\u0160 OCE\u00c1N MALACKY - pl\u00e1vanie pre deti, ml\u00e1de\u017e aj dospel\u00fdch\",\"isPartOf\":{\"@id\":\"https:\\\/\\\/plavaniemalacky.sk\\\/#website\"},\"datePublished\":\"2020-01-04T09:53:46+00:00\",\"dateModified\":\"2022-01-16T17:09:02+00:00\",\"breadcrumb\":{\"@id\":\"https:\\\/\\\/plavaniemalacky.sk\\\/index.php\\\/venuj-2\\\/#breadcrumb\"},\"inLanguage\":\"sk-SK\",\"potentialAction\":[{\"@type\":\"ReadAction\",\"target\":[\"https:\\\/\\\/plavaniemalacky.sk\\\/index.php\\\/venuj-2\\\/\"]}]},{\"@type\":\"BreadcrumbList\",\"@id\":\"https:\\\/\\\/plavaniemalacky.sk\\\/index.php\\\/venuj-2\\\/#breadcrumb\",\"itemListElement\":[{\"@type\":\"ListItem\",\"position\":1,\"name\":\"Home\",\"item\":\"https:\\\/\\\/plavaniemalacky.sk\\\/\"},{\"@type\":\"ListItem\",\"position\":2,\"name\":\"venuj 2%\"}]},{\"@type\":\"WebSite\",\"@id\":\"https:\\\/\\\/plavaniemalacky.sk\\\/#website\",\"url\":\"https:\\\/\\\/plavaniemalacky.sk\\\/\",\"name\":\"KV\u0160 OCE\u00c1N MALACKY - pl\u00e1vanie pre deti, ml\u00e1de\u017e aj dospel\u00fdch\",\"description\":\"plaveck\u00e9 kurzy v Malack\u00e1ch\",\"publisher\":{\"@id\":\"https:\\\/\\\/plavaniemalacky.sk\\\/#organization\"},\"potentialAction\":[{\"@type\":\"SearchAction\",\"target\":{\"@type\":\"EntryPoint\",\"urlTemplate\":\"https:\\\/\\\/plavaniemalacky.sk\\\/?s={search_term_string}\"},\"query-input\":{\"@type\":\"PropertyValueSpecification\",\"valueRequired\":true,\"valueName\":\"search_term_string\"}}],\"inLanguage\":\"sk-SK\"},{\"@type\":\"Organization\",\"@id\":\"https:\\\/\\\/plavaniemalacky.sk\\\/#organization\",\"name\":\"KV\u0160 OCE\u00c1N MALACKY\",\"url\":\"https:\\\/\\\/plavaniemalacky.sk\\\/\",\"logo\":{\"@type\":\"ImageObject\",\"inLanguage\":\"sk-SK\",\"@id\":\"https:\\\/\\\/plavaniemalacky.sk\\\/#\\\/schema\\\/logo\\\/image\\\/\",\"url\":\"https:\\\/\\\/plavaniemalacky.sk\\\/wp-content\\\/uploads\\\/2018\\\/02\\\/Logo-OCEAN-Cerveny-lem-pisma-final1.png\",\"contentUrl\":\"https:\\\/\\\/plavaniemalacky.sk\\\/wp-content\\\/uploads\\\/2018\\\/02\\\/Logo-OCEAN-Cerveny-lem-pisma-final1.png\",\"width\":1833,\"height\":1833,\"caption\":\"KV\u0160 OCE\u00c1N MALACKY\"},\"image\":{\"@id\":\"https:\\\/\\\/plavaniemalacky.sk\\\/#\\\/schema\\\/logo\\\/image\\\/\"},\"sameAs\":[\"https:\\\/\\\/www.facebook.com\\\/kvsoceanmalacky\\\/\"]}]}<\/script>\n<!-- \/ Yoast SEO plugin. -->","yoast_head_json":{"title":"venuj 2% - KV\u0160 OCE\u00c1N MALACKY - pl\u00e1vanie pre deti, ml\u00e1de\u017e aj dospel\u00fdch","robots":{"index":"index","follow":"follow","max-snippet":"max-snippet:-1","max-image-preview":"max-image-preview:large","max-video-preview":"max-video-preview:-1"},"canonical":"https:\/\/plavaniemalacky.sk\/index.php\/venuj-2\/","og_locale":"sk_SK","og_type":"article","og_title":"venuj 2% - KV\u0160 OCE\u00c1N MALACKY - pl\u00e1vanie pre deti, ml\u00e1de\u017e aj dospel\u00fdch","og_url":"https:\/\/plavaniemalacky.sk\/index.php\/venuj-2\/","og_site_name":"KV\u0160 OCE\u00c1N MALACKY - pl\u00e1vanie pre deti, ml\u00e1de\u017e aj dospel\u00fdch","article_publisher":"https:\/\/www.facebook.com\/kvsoceanmalacky\/","article_modified_time":"2022-01-16T17:09:02+00:00","twitter_card":"summary_large_image","twitter_misc":{"Predpokladan\u00fd \u010das \u010d\u00edtania":"2 min\u00faty"},"schema":{"@context":"https:\/\/schema.org","@graph":[{"@type":"WebPage","@id":"https:\/\/plavaniemalacky.sk\/index.php\/venuj-2\/","url":"https:\/\/plavaniemalacky.sk\/index.php\/venuj-2\/","name":"venuj 2% - KV\u0160 OCE\u00c1N MALACKY - pl\u00e1vanie pre deti, ml\u00e1de\u017e aj dospel\u00fdch","isPartOf":{"@id":"https:\/\/plavaniemalacky.sk\/#website"},"datePublished":"2020-01-04T09:53:46+00:00","dateModified":"2022-01-16T17:09:02+00:00","breadcrumb":{"@id":"https:\/\/plavaniemalacky.sk\/index.php\/venuj-2\/#breadcrumb"},"inLanguage":"sk-SK","potentialAction":[{"@type":"ReadAction","target":["https:\/\/plavaniemalacky.sk\/index.php\/venuj-2\/"]}]},{"@type":"BreadcrumbList","@id":"https:\/\/plavaniemalacky.sk\/index.php\/venuj-2\/#breadcrumb","itemListElement":[{"@type":"ListItem","position":1,"name":"Home","item":"https:\/\/plavaniemalacky.sk\/"},{"@type":"ListItem","position":2,"name":"venuj 2%"}]},{"@type":"WebSite","@id":"https:\/\/plavaniemalacky.sk\/#website","url":"https:\/\/plavaniemalacky.sk\/","name":"KV\u0160 OCE\u00c1N MALACKY - pl\u00e1vanie pre deti, ml\u00e1de\u017e aj dospel\u00fdch","description":"plaveck\u00e9 kurzy v Malack\u00e1ch","publisher":{"@id":"https:\/\/plavaniemalacky.sk\/#organization"},"potentialAction":[{"@type":"SearchAction","target":{"@type":"EntryPoint","urlTemplate":"https:\/\/plavaniemalacky.sk\/?s={search_term_string}"},"query-input":{"@type":"PropertyValueSpecification","valueRequired":true,"valueName":"search_term_string"}}],"inLanguage":"sk-SK"},{"@type":"Organization","@id":"https:\/\/plavaniemalacky.sk\/#organization","name":"KV\u0160 OCE\u00c1N MALACKY","url":"https:\/\/plavaniemalacky.sk\/","logo":{"@type":"ImageObject","inLanguage":"sk-SK","@id":"https:\/\/plavaniemalacky.sk\/#\/schema\/logo\/image\/","url":"https:\/\/plavaniemalacky.sk\/wp-content\/uploads\/2018\/02\/Logo-OCEAN-Cerveny-lem-pisma-final1.png","contentUrl":"https:\/\/plavaniemalacky.sk\/wp-content\/uploads\/2018\/02\/Logo-OCEAN-Cerveny-lem-pisma-final1.png","width":1833,"height":1833,"caption":"KV\u0160 OCE\u00c1N MALACKY"},"image":{"@id":"https:\/\/plavaniemalacky.sk\/#\/schema\/logo\/image\/"},"sameAs":["https:\/\/www.facebook.com\/kvsoceanmalacky\/"]}]}},"_links":{"self":[{"href":"https:\/\/plavaniemalacky.sk\/index.php\/wp-json\/wp\/v2\/pages\/2223","targetHints":{"allow":["GET"]}}],"collection":[{"href":"https:\/\/plavaniemalacky.sk\/index.php\/wp-json\/wp\/v2\/pages"}],"about":[{"href":"https:\/\/plavaniemalacky.sk\/index.php\/wp-json\/wp\/v2\/types\/page"}],"author":[{"embeddable":true,"href":"https:\/\/plavaniemalacky.sk\/index.php\/wp-json\/wp\/v2\/users\/1"}],"replies":[{"embeddable":true,"href":"https:\/\/plavaniemalacky.sk\/index.php\/wp-json\/wp\/v2\/comments?post=2223"}],"version-history":[{"count":4,"href":"https:\/\/plavaniemalacky.sk\/index.php\/wp-json\/wp\/v2\/pages\/2223\/revisions"}],"predecessor-version":[{"id":2366,"href":"https:\/\/plavaniemalacky.sk\/index.php\/wp-json\/wp\/v2\/pages\/2223\/revisions\/2366"}],"wp:attachment":[{"href":"https:\/\/plavaniemalacky.sk\/index.php\/wp-json\/wp\/v2\/media?parent=2223"}],"curies":[{"name":"wp","href":"https:\/\/api.w.org\/{rel}","templated":true}]}}