{"id":5,"date":"2017-10-19T10:08:07","date_gmt":"2017-10-19T10:08:07","guid":{"rendered":"http:\/\/oxygen-club.omnicom-dev.com\/main-demo\/shop\/"},"modified":"2017-10-19T10:08:07","modified_gmt":"2017-10-19T10:08:07","slug":"shop","status":"publish","type":"page","link":"https:\/\/plavaniemalacky.sk\/index.php\/shop\/","title":{"rendered":"Shop"},"content":{"rendered":"","protected":false},"excerpt":{"rendered":"<p>Check out our new swimsuits, accessories, masks, fins and high quality diving equipment in all sizes.<\/p>\n","protected":false},"author":2,"featured_media":1183,"parent":0,"menu_order":0,"comment_status":"closed","ping_status":"closed","template":"","meta":{"_monsterinsights_skip_tracking":false,"_monsterinsights_sitenote_active":false,"_monsterinsights_sitenote_note":"","_monsterinsights_sitenote_category":0,"footnotes":""},"class_list":["post-5","page","type-page","status-publish","has-post-thumbnail","hentry"],"yoast_head":"<!-- This site is optimized with the Yoast SEO plugin v27.4 - https:\/\/yoast.com\/product\/yoast-seo-wordpress\/ -->\n<title>Shop - KV\u0160 OCE\u00c1N MALACKY - pl\u00e1vanie pre deti, ml\u00e1de\u017e aj dospel\u00fdch<\/title>\n<meta name=\"robots\" content=\"index, follow, max-snippet:-1, max-image-preview:large, max-video-preview:-1\" \/>\n<link rel=\"canonical\" href=\"https:\/\/plavaniemalacky.sk\/index.php\/shop\/\" \/>\n<meta property=\"og:locale\" content=\"sk_SK\" \/>\n<meta property=\"og:type\" content=\"article\" \/>\n<meta property=\"og:title\" content=\"Shop - KV\u0160 OCE\u00c1N MALACKY - pl\u00e1vanie pre deti, ml\u00e1de\u017e aj dospel\u00fdch\" \/>\n<meta property=\"og:description\" content=\"Check out our new swimsuits, accessories, masks, fins and high quality diving equipment in all sizes.\" \/>\n<meta property=\"og:url\" content=\"https:\/\/plavaniemalacky.sk\/index.php\/shop\/\" \/>\n<meta property=\"og:site_name\" content=\"KV\u0160 OCE\u00c1N MALACKY - pl\u00e1vanie pre deti, ml\u00e1de\u017e aj dospel\u00fdch\" \/>\n<meta property=\"article:publisher\" content=\"https:\/\/www.facebook.com\/kvsoceanmalacky\/\" \/>\n<meta name=\"twitter:card\" content=\"summary_large_image\" \/>\n<script type=\"application\/ld+json\" class=\"yoast-schema-graph\">{\"@context\":\"https:\\\/\\\/schema.org\",\"@graph\":[{\"@type\":\"WebPage\",\"@id\":\"https:\\\/\\\/plavaniemalacky.sk\\\/index.php\\\/shop\\\/\",\"url\":\"https:\\\/\\\/plavaniemalacky.sk\\\/index.php\\\/shop\\\/\",\"name\":\"Shop - KV\u0160 OCE\u00c1N MALACKY - pl\u00e1vanie pre deti, ml\u00e1de\u017e aj dospel\u00fdch\",\"isPartOf\":{\"@id\":\"https:\\\/\\\/plavaniemalacky.sk\\\/#website\"},\"primaryImageOfPage\":{\"@id\":\"https:\\\/\\\/plavaniemalacky.sk\\\/index.php\\\/shop\\\/#primaryimage\"},\"image\":{\"@id\":\"https:\\\/\\\/plavaniemalacky.sk\\\/index.php\\\/shop\\\/#primaryimage\"},\"thumbnailUrl\":\"\",\"datePublished\":\"2017-10-19T10:08:07+00:00\",\"breadcrumb\":{\"@id\":\"https:\\\/\\\/plavaniemalacky.sk\\\/index.php\\\/shop\\\/#breadcrumb\"},\"inLanguage\":\"sk-SK\",\"potentialAction\":[{\"@type\":\"ReadAction\",\"target\":[\"https:\\\/\\\/plavaniemalacky.sk\\\/index.php\\\/shop\\\/\"]}]},{\"@type\":\"ImageObject\",\"inLanguage\":\"sk-SK\",\"@id\":\"https:\\\/\\\/plavaniemalacky.sk\\\/index.php\\\/shop\\\/#primaryimage\",\"url\":\"\",\"contentUrl\":\"\"},{\"@type\":\"BreadcrumbList\",\"@id\":\"https:\\\/\\\/plavaniemalacky.sk\\\/index.php\\\/shop\\\/#breadcrumb\",\"itemListElement\":[{\"@type\":\"ListItem\",\"position\":1,\"name\":\"Home\",\"item\":\"https:\\\/\\\/plavaniemalacky.sk\\\/\"},{\"@type\":\"ListItem\",\"position\":2,\"name\":\"Shop\"}]},{\"@type\":\"WebSite\",\"@id\":\"https:\\\/\\\/plavaniemalacky.sk\\\/#website\",\"url\":\"https:\\\/\\\/plavaniemalacky.sk\\\/\",\"name\":\"KV\u0160 OCE\u00c1N MALACKY - pl\u00e1vanie pre deti, ml\u00e1de\u017e aj dospel\u00fdch\",\"description\":\"plaveck\u00e9 kurzy v Malack\u00e1ch\",\"publisher\":{\"@id\":\"https:\\\/\\\/plavaniemalacky.sk\\\/#organization\"},\"potentialAction\":[{\"@type\":\"SearchAction\",\"target\":{\"@type\":\"EntryPoint\",\"urlTemplate\":\"https:\\\/\\\/plavaniemalacky.sk\\\/?s={search_term_string}\"},\"query-input\":{\"@type\":\"PropertyValueSpecification\",\"valueRequired\":true,\"valueName\":\"search_term_string\"}}],\"inLanguage\":\"sk-SK\"},{\"@type\":\"Organization\",\"@id\":\"https:\\\/\\\/plavaniemalacky.sk\\\/#organization\",\"name\":\"KV\u0160 OCE\u00c1N MALACKY\",\"url\":\"https:\\\/\\\/plavaniemalacky.sk\\\/\",\"logo\":{\"@type\":\"ImageObject\",\"inLanguage\":\"sk-SK\",\"@id\":\"https:\\\/\\\/plavaniemalacky.sk\\\/#\\\/schema\\\/logo\\\/image\\\/\",\"url\":\"https:\\\/\\\/plavaniemalacky.sk\\\/wp-content\\\/uploads\\\/2018\\\/02\\\/Logo-OCEAN-Cerveny-lem-pisma-final1.png\",\"contentUrl\":\"https:\\\/\\\/plavaniemalacky.sk\\\/wp-content\\\/uploads\\\/2018\\\/02\\\/Logo-OCEAN-Cerveny-lem-pisma-final1.png\",\"width\":1833,\"height\":1833,\"caption\":\"KV\u0160 OCE\u00c1N MALACKY\"},\"image\":{\"@id\":\"https:\\\/\\\/plavaniemalacky.sk\\\/#\\\/schema\\\/logo\\\/image\\\/\"},\"sameAs\":[\"https:\\\/\\\/www.facebook.com\\\/kvsoceanmalacky\\\/\"]}]}<\/script>\n<!-- \/ Yoast SEO plugin. -->","yoast_head_json":{"title":"Shop - KV\u0160 OCE\u00c1N MALACKY - pl\u00e1vanie pre deti, ml\u00e1de\u017e aj dospel\u00fdch","robots":{"index":"index","follow":"follow","max-snippet":"max-snippet:-1","max-image-preview":"max-image-preview:large","max-video-preview":"max-video-preview:-1"},"canonical":"https:\/\/plavaniemalacky.sk\/index.php\/shop\/","og_locale":"sk_SK","og_type":"article","og_title":"Shop - KV\u0160 OCE\u00c1N MALACKY - pl\u00e1vanie pre deti, ml\u00e1de\u017e aj dospel\u00fdch","og_description":"Check out our new swimsuits, accessories, masks, fins and high quality diving equipment in all sizes.","og_url":"https:\/\/plavaniemalacky.sk\/index.php\/shop\/","og_site_name":"KV\u0160 OCE\u00c1N MALACKY - pl\u00e1vanie pre deti, ml\u00e1de\u017e aj dospel\u00fdch","article_publisher":"https:\/\/www.facebook.com\/kvsoceanmalacky\/","twitter_card":"summary_large_image","schema":{"@context":"https:\/\/schema.org","@graph":[{"@type":"WebPage","@id":"https:\/\/plavaniemalacky.sk\/index.php\/shop\/","url":"https:\/\/plavaniemalacky.sk\/index.php\/shop\/","name":"Shop - KV\u0160 OCE\u00c1N MALACKY - pl\u00e1vanie pre deti, ml\u00e1de\u017e aj dospel\u00fdch","isPartOf":{"@id":"https:\/\/plavaniemalacky.sk\/#website"},"primaryImageOfPage":{"@id":"https:\/\/plavaniemalacky.sk\/index.php\/shop\/#primaryimage"},"image":{"@id":"https:\/\/plavaniemalacky.sk\/index.php\/shop\/#primaryimage"},"thumbnailUrl":"","datePublished":"2017-10-19T10:08:07+00:00","breadcrumb":{"@id":"https:\/\/plavaniemalacky.sk\/index.php\/shop\/#breadcrumb"},"inLanguage":"sk-SK","potentialAction":[{"@type":"ReadAction","target":["https:\/\/plavaniemalacky.sk\/index.php\/shop\/"]}]},{"@type":"ImageObject","inLanguage":"sk-SK","@id":"https:\/\/plavaniemalacky.sk\/index.php\/shop\/#primaryimage","url":"","contentUrl":""},{"@type":"BreadcrumbList","@id":"https:\/\/plavaniemalacky.sk\/index.php\/shop\/#breadcrumb","itemListElement":[{"@type":"ListItem","position":1,"name":"Home","item":"https:\/\/plavaniemalacky.sk\/"},{"@type":"ListItem","position":2,"name":"Shop"}]},{"@type":"WebSite","@id":"https:\/\/plavaniemalacky.sk\/#website","url":"https:\/\/plavaniemalacky.sk\/","name":"KV\u0160 OCE\u00c1N MALACKY - pl\u00e1vanie pre deti, ml\u00e1de\u017e aj dospel\u00fdch","description":"plaveck\u00e9 kurzy v Malack\u00e1ch","publisher":{"@id":"https:\/\/plavaniemalacky.sk\/#organization"},"potentialAction":[{"@type":"SearchAction","target":{"@type":"EntryPoint","urlTemplate":"https:\/\/plavaniemalacky.sk\/?s={search_term_string}"},"query-input":{"@type":"PropertyValueSpecification","valueRequired":true,"valueName":"search_term_string"}}],"inLanguage":"sk-SK"},{"@type":"Organization","@id":"https:\/\/plavaniemalacky.sk\/#organization","name":"KV\u0160 OCE\u00c1N MALACKY","url":"https:\/\/plavaniemalacky.sk\/","logo":{"@type":"ImageObject","inLanguage":"sk-SK","@id":"https:\/\/plavaniemalacky.sk\/#\/schema\/logo\/image\/","url":"https:\/\/plavaniemalacky.sk\/wp-content\/uploads\/2018\/02\/Logo-OCEAN-Cerveny-lem-pisma-final1.png","contentUrl":"https:\/\/plavaniemalacky.sk\/wp-content\/uploads\/2018\/02\/Logo-OCEAN-Cerveny-lem-pisma-final1.png","width":1833,"height":1833,"caption":"KV\u0160 OCE\u00c1N MALACKY"},"image":{"@id":"https:\/\/plavaniemalacky.sk\/#\/schema\/logo\/image\/"},"sameAs":["https:\/\/www.facebook.com\/kvsoceanmalacky\/"]}]}},"_links":{"self":[{"href":"https:\/\/plavaniemalacky.sk\/index.php\/wp-json\/wp\/v2\/pages\/5","targetHints":{"allow":["GET"]}}],"collection":[{"href":"https:\/\/plavaniemalacky.sk\/index.php\/wp-json\/wp\/v2\/pages"}],"about":[{"href":"https:\/\/plavaniemalacky.sk\/index.php\/wp-json\/wp\/v2\/types\/page"}],"author":[{"embeddable":true,"href":"https:\/\/plavaniemalacky.sk\/index.php\/wp-json\/wp\/v2\/users\/2"}],"replies":[{"embeddable":true,"href":"https:\/\/plavaniemalacky.sk\/index.php\/wp-json\/wp\/v2\/comments?post=5"}],"version-history":[{"count":0,"href":"https:\/\/plavaniemalacky.sk\/index.php\/wp-json\/wp\/v2\/pages\/5\/revisions"}],"wp:featuredmedia":[{"embeddable":true,"href":"https:\/\/plavaniemalacky.sk\/index.php\/wp-json\/"}],"wp:attachment":[{"href":"https:\/\/plavaniemalacky.sk\/index.php\/wp-json\/wp\/v2\/media?parent=5"}],"curies":[{"name":"wp","href":"https:\/\/api.w.org\/{rel}","templated":true}]}}